{"id":1916,"date":"2025-08-11T18:33:21","date_gmt":"2025-08-11T18:33:21","guid":{"rendered":"https:\/\/envirothonnb.ca\/formulaire-de-membre-dequipe-et-dautorisation\/"},"modified":"2025-11-11T14:59:03","modified_gmt":"2025-11-11T14:59:03","slug":"formulaire-de-membre-dequipe-et-dautorisation","status":"publish","type":"page","link":"https:\/\/envirothonnb.ca\/fr\/formulaire-de-membre-dequipe-et-dautorisation\/","title":{"rendered":"Formulaire de membre d&rsquo;\u00e9quipe et d&rsquo;autorisation"},"content":{"rendered":"\t\t<div data-elementor-type=\"wp-page\" data-elementor-id=\"1916\" class=\"elementor elementor-1916 elementor-977\" data-elementor-post-type=\"page\">\n\t\t\t\t\t\t<section class=\"elementor-section elementor-top-section elementor-element elementor-element-1226f021 elementor-section-boxed elementor-section-height-default elementor-section-height-default\" data-id=\"1226f021\" data-element_type=\"section\" data-e-type=\"section\" data-settings=\"{&quot;background_background&quot;:&quot;slideshow&quot;,&quot;background_slideshow_gallery&quot;:[{&quot;id&quot;:1911,&quot;url&quot;:&quot;https:\\\/\\\/envirothonnb.ca\\\/wp-content\\\/uploads\\\/2025\\\/06\\\/54501152996_db7382598f_c.jpg&quot;},{&quot;id&quot;:1912,&quot;url&quot;:&quot;https:\\\/\\\/envirothonnb.ca\\\/wp-content\\\/uploads\\\/2025\\\/06\\\/54570220372_721c9276b9_c.jpg&quot;},{&quot;id&quot;:1913,&quot;url&quot;:&quot;https:\\\/\\\/envirothonnb.ca\\\/wp-content\\\/uploads\\\/2025\\\/06\\\/54571086896_cd5958704b_c-e1749226920486.jpg&quot;},{&quot;id&quot;:1914,&quot;url&quot;:&quot;https:\\\/\\\/envirothonnb.ca\\\/wp-content\\\/uploads\\\/2025\\\/06\\\/54571414360_d4497e26b2_c-e1749226987816.jpg&quot;}],&quot;background_slideshow_ken_burns&quot;:&quot;yes&quot;,&quot;background_slideshow_slide_duration&quot;:7000,&quot;background_slideshow_lazyload&quot;:&quot;yes&quot;,&quot;background_slideshow_loop&quot;:&quot;yes&quot;,&quot;background_slideshow_slide_transition&quot;:&quot;fade&quot;,&quot;background_slideshow_transition_duration&quot;:500,&quot;background_slideshow_ken_burns_zoom_direction&quot;:&quot;in&quot;}\">\n\t\t\t\t\t\t\t<div class=\"elementor-background-overlay\"><\/div>\n\t\t\t\t\t\t\t<div class=\"elementor-container elementor-column-gap-no\">\n\t\t\t\t\t<div class=\"elementor-column elementor-col-50 elementor-top-column elementor-element elementor-element-328a6781\" data-id=\"328a6781\" data-element_type=\"column\" data-e-type=\"column\">\n\t\t\t<div class=\"elementor-widget-wrap elementor-element-populated\">\n\t\t\t\t\t\t\t<\/div>\n\t\t<\/div>\n\t\t\t\t<div class=\"elementor-column elementor-col-50 elementor-top-column elementor-element elementor-element-74ba4def\" data-id=\"74ba4def\" data-element_type=\"column\" data-e-type=\"column\">\n\t\t\t<div class=\"elementor-widget-wrap elementor-element-populated\">\n\t\t\t\t\t\t<div class=\"elementor-element elementor-element-4e1b9312 elementor-invisible elementor-widget elementor-widget-heading\" data-id=\"4e1b9312\" data-element_type=\"widget\" data-e-type=\"widget\" data-settings=\"{&quot;_animation&quot;:&quot;fadeInDown&quot;}\" data-widget_type=\"heading.default\">\n\t\t\t\t<div class=\"elementor-widget-container\">\n\t\t\t\t\t<h2 class=\"elementor-heading-title elementor-size-default\">Formulaire d'inscription et d'autorisation de membre d'\u00e9quipe<\/h2>\t\t\t\t<\/div>\n\t\t\t\t<\/div>\n\t\t\t\t<div class=\"elementor-element elementor-element-5285d4ee elementor-widget elementor-widget-text-editor\" data-id=\"5285d4ee\" data-element_type=\"widget\" data-e-type=\"widget\" data-widget_type=\"text-editor.default\">\n\t\t\t\t<div class=\"elementor-widget-container\">\n\t\t\t\t\t\t\t\t\t<p style=\"text-align: center;\">Formulaire \u00e0 compl\u00e9ter par chaque \u00e9tudiant membre de l&rsquo;\u00e9quipe<\/p>\t\t\t\t\t\t\t\t<\/div>\n\t\t\t\t<\/div>\n\t\t\t\t\t<\/div>\n\t\t<\/div>\n\t\t\t\t\t<\/div>\n\t\t<\/section>\n\t\t<div class=\"elementor-element elementor-element-5375b65 e-flex e-con-boxed e-con e-parent\" data-id=\"5375b65\" data-element_type=\"container\" data-e-type=\"container\">\n\t\t\t\t\t<div class=\"e-con-inner\">\n\t\t\t\t<div class=\"elementor-element elementor-element-322c8143 elementor-widget elementor-widget-html\" data-id=\"322c8143\" data-element_type=\"widget\" data-e-type=\"widget\" data-widget_type=\"html.default\">\n\t\t\t\t<div class=\"elementor-widget-container\">\n\t\t\t\t\t\r\n    <iframe id=\"JotFormIFrame-252224818070250\" title=\"Envirothon NB 2026 - Formulaire d'inscription et d'autorisation des membres d'une \u00e9quipe \/ Team Member Registration &amp; Release Form\" onload=\"window.parent.scrollTo(0,0)\" allowtransparency=\"true\" allow=\"geolocation; microphone; camera; fullscreen; payment\" src=\"https:\/\/form.jotform.com\/252224818070250\" frameborder=\"0\" style=\"min-width:100%;max-width:100%;height:690px;border:none;\" scrolling=\"no\">\r\n    <\/iframe>\r\n    <script src=\"https:\/\/cdn.jotfor.ms\/s\/umd\/latest\/for-form-embed-handler.js\"><\/script>\r\n    <script>window.jotformEmbedHandler(\"iframe[id='JotFormIFrame-252224818070250']\", \"https:\/\/form.jotform.com\/\")<\/script>\r\n    \t\t\t\t<\/div>\n\t\t\t\t<\/div>\n\t\t\t\t\t<\/div>\n\t\t\t\t<\/div>\n\t\t\t\t<\/div>\n\t\t","protected":false},"excerpt":{"rendered":"<p>Formulaire d&rsquo;inscription et d&rsquo;autorisation de membre d&rsquo;\u00e9quipe Formulaire \u00e0 compl\u00e9ter par chaque \u00e9tudiant membre de l&rsquo;\u00e9quipe<\/p>\n","protected":false},"author":1,"featured_media":0,"parent":0,"menu_order":0,"comment_status":"closed","ping_status":"closed","template":"","meta":{"footnotes":""},"class_list":["post-1916","page","type-page","status-publish","hentry"],"_links":{"self":[{"href":"https:\/\/envirothonnb.ca\/fr\/wp-json\/wp\/v2\/pages\/1916","targetHints":{"allow":["GET"]}}],"collection":[{"href":"https:\/\/envirothonnb.ca\/fr\/wp-json\/wp\/v2\/pages"}],"about":[{"href":"https:\/\/envirothonnb.ca\/fr\/wp-json\/wp\/v2\/types\/page"}],"author":[{"embeddable":true,"href":"https:\/\/envirothonnb.ca\/fr\/wp-json\/wp\/v2\/users\/1"}],"replies":[{"embeddable":true,"href":"https:\/\/envirothonnb.ca\/fr\/wp-json\/wp\/v2\/comments?post=1916"}],"version-history":[{"count":1,"href":"https:\/\/envirothonnb.ca\/fr\/wp-json\/wp\/v2\/pages\/1916\/revisions"}],"predecessor-version":[{"id":1917,"href":"https:\/\/envirothonnb.ca\/fr\/wp-json\/wp\/v2\/pages\/1916\/revisions\/1917"}],"wp:attachment":[{"href":"https:\/\/envirothonnb.ca\/fr\/wp-json\/wp\/v2\/media?parent=1916"}],"curies":[{"name":"wp","href":"https:\/\/api.w.org\/{rel}","templated":true}]}}