{"id":1918,"date":"2025-10-27T15:03:48","date_gmt":"2025-10-27T15:03:48","guid":{"rendered":"https:\/\/envirothonnb.ca\/ecologie-aquatique\/"},"modified":"2026-04-01T16:41:35","modified_gmt":"2026-04-01T16:41:35","slug":"ecologie-aquatique","status":"publish","type":"page","link":"https:\/\/envirothonnb.ca\/fr\/ecologie-aquatique\/","title":{"rendered":"\u00c9cologie aquatique"},"content":{"rendered":"\t\t<div data-elementor-type=\"wp-page\" data-elementor-id=\"1918\" class=\"elementor elementor-1918 elementor-1347\" data-elementor-post-type=\"page\">\n\t\t\t\t\t\t<section class=\"elementor-section elementor-top-section elementor-element elementor-element-7427046e elementor-section-boxed elementor-section-height-default elementor-section-height-default\" data-id=\"7427046e\" data-element_type=\"section\" data-e-type=\"section\" data-settings=\"{&quot;background_background&quot;:&quot;classic&quot;}\">\n\t\t\t\t\t\t\t<div class=\"elementor-background-overlay\"><\/div>\n\t\t\t\t\t\t\t<div class=\"elementor-container elementor-column-gap-no\">\n\t\t\t\t\t<div class=\"elementor-column elementor-col-100 elementor-top-column elementor-element elementor-element-1e94cde\" data-id=\"1e94cde\" data-element_type=\"column\" data-e-type=\"column\">\n\t\t\t<div class=\"elementor-widget-wrap elementor-element-populated\">\n\t\t\t\t\t\t<div class=\"elementor-element elementor-element-5ee0f098 elementor-invisible elementor-widget elementor-widget-heading\" data-id=\"5ee0f098\" data-element_type=\"widget\" data-e-type=\"widget\" data-settings=\"{&quot;_animation&quot;:&quot;fadeInDown&quot;}\" data-widget_type=\"heading.default\">\n\t\t\t\t<div class=\"elementor-widget-container\">\n\t\t\t\t\t<h2 class=\"elementor-heading-title elementor-size-default\">\u00c9cologie aquatique<\/h2>\t\t\t\t<\/div>\n\t\t\t\t<\/div>\n\t\t\t\t\t<\/div>\n\t\t<\/div>\n\t\t\t\t\t<\/div>\n\t\t<\/section>\n\t\t\t\t<section class=\"elementor-section elementor-top-section elementor-element elementor-element-43d97b41 elementor-section-boxed elementor-section-height-default elementor-section-height-default\" data-id=\"43d97b41\" data-element_type=\"section\" data-e-type=\"section\">\n\t\t\t\t\t\t<div class=\"elementor-container elementor-column-gap-no\">\n\t\t\t\t\t<div class=\"elementor-column elementor-col-50 elementor-top-column elementor-element elementor-element-4cb56c24\" data-id=\"4cb56c24\" data-element_type=\"column\" data-e-type=\"column\">\n\t\t\t<div class=\"elementor-widget-wrap elementor-element-populated\">\n\t\t\t\t\t\t<div class=\"elementor-element elementor-element-add62d6 elementor-widget elementor-widget-heading\" data-id=\"add62d6\" data-element_type=\"widget\" data-e-type=\"widget\" data-widget_type=\"heading.default\">\n\t\t\t\t<div class=\"elementor-widget-container\">\n\t\t\t\t\t<h2 class=\"elementor-heading-title elementor-size-default\">Des puissantes mar\u00e9es de la baie de Fundy \u00e0 nos innombrables lacs, rivi\u00e8res et milieux humides, l'eau fa\u00e7onne chaque aspect de la vie au Nouveau-Brunswick. Cette ressource essentielle soutient les communaut\u00e9s, les for\u00eats, la faune et l'industrie\u2014et c'est \u00e0 nous de contribuer \u00e0 la prot\u00e9ger. <\/h2>\t\t\t\t<\/div>\n\t\t\t\t<\/div>\n\t\t\t\t<div class=\"elementor-element elementor-element-6989a1b9 elementor-widget elementor-widget-text-editor\" data-id=\"6989a1b9\" data-element_type=\"widget\" data-e-type=\"widget\" data-widget_type=\"text-editor.default\">\n\t\t\t\t<div class=\"elementor-widget-container\">\n\t\t\t\t\t\t\t\t\t<p><span style=\"font-weight: 400;\">Les \u00e9cosyst\u00e8mes aquatiques de la province sont riches et diversifi\u00e9s, des estuaires c\u00f4tiers aux petits ruisseaux forestiers. Toute l&rsquo;eau\u2014qu&rsquo;elle coule en surface ou qu&rsquo;elle soit cach\u00e9e profond\u00e9ment sous terre\u2014est connect\u00e9e par le cycle de l&rsquo;eau. En raison de cette connexion, la fa\u00e7on dont nous g\u00e9rons nos terres et notre eau a des impacts consid\u00e9rables sur l&rsquo;environnement et les gens qui en d\u00e9pendent.  <\/span><\/p>\t\t\t\t\t\t\t\t<\/div>\n\t\t\t\t<\/div>\n\t\t\t\t\t<\/div>\n\t\t<\/div>\n\t\t\t\t<div class=\"elementor-column elementor-col-50 elementor-top-column elementor-element elementor-element-24be3586\" data-id=\"24be3586\" data-element_type=\"column\" data-e-type=\"column\">\n\t\t\t<div class=\"elementor-widget-wrap elementor-element-populated\">\n\t\t\t\t\t\t<div class=\"elementor-element elementor-element-2981ed57 elementor-invisible elementor-widget elementor-widget-image\" data-id=\"2981ed57\" data-element_type=\"widget\" data-e-type=\"widget\" data-settings=\"{&quot;_animation&quot;:&quot;fadeInRight&quot;}\" data-widget_type=\"image.default\">\n\t\t\t\t<div class=\"elementor-widget-container\">\n\t\t\t\t\t\t\t\t\t\t\t\t\t\t\t<img fetchpriority=\"high\" decoding=\"async\" width=\"1224\" height=\"689\" src=\"https:\/\/envirothonnb.ca\/wp-content\/uploads\/2025\/10\/IMG_6024-scaled-e1761655355100.jpg\" class=\"attachment-full size-full wp-image-1922\" alt=\"\" \/>\t\t\t\t\t\t\t\t\t\t\t\t\t\t\t<\/div>\n\t\t\t\t<\/div>\n\t\t\t\t<div class=\"elementor-element elementor-element-3c570de8 elementor-widget__width-initial elementor-absolute elementor-invisible elementor-widget elementor-widget-image\" data-id=\"3c570de8\" data-element_type=\"widget\" data-e-type=\"widget\" data-settings=\"{&quot;_position&quot;:&quot;absolute&quot;,&quot;_animation&quot;:&quot;fadeInUp&quot;}\" data-widget_type=\"image.default\">\n\t\t\t\t<div class=\"elementor-widget-container\">\n\t\t\t\t\t\t\t\t\t\t\t\t\t\t\t<img decoding=\"async\" width=\"799\" height=\"533\" src=\"https:\/\/envirothonnb.ca\/wp-content\/uploads\/2025\/10\/54571414235_1019278e91_c.jpg\" class=\"attachment-full size-full wp-image-1921\" alt=\"\" srcset=\"https:\/\/envirothonnb.ca\/wp-content\/uploads\/2025\/10\/54571414235_1019278e91_c.jpg 799w, https:\/\/envirothonnb.ca\/wp-content\/uploads\/2025\/10\/54571414235_1019278e91_c-300x200.jpg 300w, https:\/\/envirothonnb.ca\/wp-content\/uploads\/2025\/10\/54571414235_1019278e91_c-768x512.jpg 768w\" sizes=\"(max-width: 799px) 100vw, 799px\" \/>\t\t\t\t\t\t\t\t\t\t\t\t\t\t\t<\/div>\n\t\t\t\t<\/div>\n\t\t\t\t\t<\/div>\n\t\t<\/div>\n\t\t\t\t\t<\/div>\n\t\t<\/section>\n\t\t\t\t<section class=\"elementor-section elementor-top-section elementor-element elementor-element-7ff015bf elementor-section-boxed elementor-section-height-default elementor-section-height-default\" data-id=\"7ff015bf\" data-element_type=\"section\" data-e-type=\"section\" data-settings=\"{&quot;background_background&quot;:&quot;classic&quot;}\">\n\t\t\t\t\t\t<div class=\"elementor-container elementor-column-gap-no\">\n\t\t\t\t\t<div class=\"elementor-column elementor-col-100 elementor-top-column elementor-element elementor-element-734e9796\" data-id=\"734e9796\" data-element_type=\"column\" data-e-type=\"column\">\n\t\t\t<div class=\"elementor-widget-wrap elementor-element-populated\">\n\t\t\t\t\t\t<section class=\"elementor-section elementor-inner-section elementor-element elementor-element-1187cfaf elementor-section-boxed elementor-section-height-default elementor-section-height-default\" data-id=\"1187cfaf\" data-element_type=\"section\" data-e-type=\"section\">\n\t\t\t\t\t\t<div class=\"elementor-container elementor-column-gap-default\">\n\t\t\t\t\t<div class=\"elementor-column elementor-col-50 elementor-inner-column elementor-element elementor-element-294c59e7\" data-id=\"294c59e7\" data-element_type=\"column\" data-e-type=\"column\">\n\t\t\t<div class=\"elementor-widget-wrap elementor-element-populated\">\n\t\t\t\t\t\t<div class=\"elementor-element elementor-element-271a9ccd elementor-invisible elementor-widget elementor-widget-heading\" data-id=\"271a9ccd\" data-element_type=\"widget\" data-e-type=\"widget\" data-settings=\"{&quot;_animation&quot;:&quot;fadeInLeft&quot;}\" data-widget_type=\"heading.default\">\n\t\t\t\t<div class=\"elementor-widget-container\">\n\t\t\t\t\t<h2 class=\"elementor-heading-title elementor-size-default\">Ce que disent les participants<\/h2>\t\t\t\t<\/div>\n\t\t\t\t<\/div>\n\t\t\t\t<div class=\"elementor-element elementor-element-355e2caf elementor-widget-divider--view-line elementor-invisible elementor-widget elementor-widget-divider\" data-id=\"355e2caf\" data-element_type=\"widget\" data-e-type=\"widget\" data-settings=\"{&quot;_animation&quot;:&quot;fadeInRight&quot;}\" data-widget_type=\"divider.default\">\n\t\t\t\t<div class=\"elementor-widget-container\">\n\t\t\t\t\t\t\t<div class=\"elementor-divider\">\n\t\t\t<span class=\"elementor-divider-separator\">\n\t\t\t\t\t\t<\/span>\n\t\t<\/div>\n\t\t\t\t\t\t<\/div>\n\t\t\t\t<\/div>\n\t\t\t\t\t<\/div>\n\t\t<\/div>\n\t\t\t\t<div class=\"elementor-column elementor-col-50 elementor-inner-column elementor-element elementor-element-32b52e8d elementor-invisible\" data-id=\"32b52e8d\" data-element_type=\"column\" data-e-type=\"column\" data-settings=\"{&quot;animation&quot;:&quot;fadeInUp&quot;}\">\n\t\t\t<div class=\"elementor-widget-wrap elementor-element-populated\">\n\t\t\t\t\t\t<div class=\"elementor-element elementor-element-2e17f37d elementor-widget elementor-widget-text-editor\" data-id=\"2e17f37d\" data-element_type=\"widget\" data-e-type=\"widget\" data-widget_type=\"text-editor.default\">\n\t\t\t\t<div class=\"elementor-widget-container\">\n\t\t\t\t\t\t\t\t\t<h4>Tu te demandes \u00e0 quoi ressemble vraiment la participation \u00e0 Envirothon NB ? <\/h4><h4>D\u00e9couvre ce que les \u00e9l\u00e8ves et les enseignants en disent.<\/h4>\t\t\t\t\t\t\t\t<\/div>\n\t\t\t\t<\/div>\n\t\t\t\t\t<\/div>\n\t\t<\/div>\n\t\t\t\t\t<\/div>\n\t\t<\/section>\n\t\t\t\t<section class=\"elementor-section elementor-inner-section elementor-element elementor-element-5622a2a4 elementor-section-full_width elementor-section-height-default elementor-section-height-default\" data-id=\"5622a2a4\" data-element_type=\"section\" data-e-type=\"section\">\n\t\t\t\t\t\t<div class=\"elementor-container elementor-column-gap-default\">\n\t\t\t\t\t<div class=\"elementor-column elementor-col-33 elementor-inner-column elementor-element elementor-element-25e78553 elementor-invisible\" data-id=\"25e78553\" data-element_type=\"column\" data-e-type=\"column\" data-settings=\"{&quot;animation&quot;:&quot;fadeInUp&quot;,&quot;background_background&quot;:&quot;classic&quot;}\">\n\t\t\t<div class=\"elementor-widget-wrap elementor-element-populated\">\n\t\t\t\t\t\t<div class=\"elementor-element elementor-element-25ce388a elementor-widget elementor-widget-text-editor\" data-id=\"25ce388a\" data-element_type=\"widget\" data-e-type=\"widget\" data-widget_type=\"text-editor.default\">\n\t\t\t\t<div class=\"elementor-widget-container\">\n\t\t\t\t\t\t\t\t\t<p><em><span style=\"font-weight: 400;\">\u00ab J&rsquo;encourage tous les jeunes \u00e0 consid\u00e9rer l&rsquo;Envirothon. C&rsquo;est une exp\u00e9rience amusante et \u00e9ducative. \u00bb \u2014 Conseiller d&rsquo;\u00e9quipe<\/span><\/em><\/p>\t\t\t\t\t\t\t\t<\/div>\n\t\t\t\t<\/div>\n\t\t\t\t\t<\/div>\n\t\t<\/div>\n\t\t\t\t<div class=\"elementor-column elementor-col-33 elementor-inner-column elementor-element elementor-element-704414d elementor-invisible\" data-id=\"704414d\" data-element_type=\"column\" data-e-type=\"column\" data-settings=\"{&quot;animation&quot;:&quot;fadeInUp&quot;,&quot;animation_delay&quot;:240,&quot;background_background&quot;:&quot;classic&quot;}\">\n\t\t\t<div class=\"elementor-widget-wrap elementor-element-populated\">\n\t\t\t\t\t\t<div class=\"elementor-element elementor-element-77ba9160 elementor-widget elementor-widget-text-editor\" data-id=\"77ba9160\" data-element_type=\"widget\" data-e-type=\"widget\" data-widget_type=\"text-editor.default\">\n\t\t\t\t<div class=\"elementor-widget-container\">\n\t\t\t\t\t\t\t\t\t<p><em><span style=\"font-weight: 400;\">\u00ab Je voulais faire partie d&rsquo;une \u00e9quipe passionn\u00e9e par l&rsquo;\u00e9ducation. Je savais d\u00e8s le d\u00e9but que \u00e7a allait \u00eatre amusant ! \u00bb \u2014 \u00c9l\u00e8ve de 10e ann\u00e9e <\/span><\/em><\/p>\t\t\t\t\t\t\t\t<\/div>\n\t\t\t\t<\/div>\n\t\t\t\t\t<\/div>\n\t\t<\/div>\n\t\t\t\t<div class=\"elementor-column elementor-col-33 elementor-inner-column elementor-element elementor-element-14214559 elementor-invisible\" data-id=\"14214559\" data-element_type=\"column\" data-e-type=\"column\" data-settings=\"{&quot;animation&quot;:&quot;fadeInUp&quot;,&quot;animation_delay&quot;:480,&quot;background_background&quot;:&quot;classic&quot;}\">\n\t\t\t<div class=\"elementor-widget-wrap elementor-element-populated\">\n\t\t\t\t\t\t<div class=\"elementor-element elementor-element-6d8fa1ae elementor-widget__width-initial elementor-widget elementor-widget-text-editor\" data-id=\"6d8fa1ae\" data-element_type=\"widget\" data-e-type=\"widget\" data-widget_type=\"text-editor.default\">\n\t\t\t\t<div class=\"elementor-widget-container\">\n\t\t\t\t\t\t\t\t\t<p><em><span style=\"font-weight: 400;\">\u00ab J&rsquo;adore apprendre sur l&rsquo;environnement ! \u00bb \u2014 \u00c9tudiant de 10e ann\u00e9e <\/span><\/em><\/p>\t\t\t\t\t\t\t\t<\/div>\n\t\t\t\t<\/div>\n\t\t\t\t\t<\/div>\n\t\t<\/div>\n\t\t\t\t\t<\/div>\n\t\t<\/section>\n\t\t\t\t\t<\/div>\n\t\t<\/div>\n\t\t\t\t\t<\/div>\n\t\t<\/section>\n\t\t\t\t<section class=\"elementor-section elementor-top-section elementor-element elementor-element-11732513 elementor-section-boxed elementor-section-height-default elementor-section-height-default\" data-id=\"11732513\" data-element_type=\"section\" data-e-type=\"section\" data-settings=\"{&quot;background_background&quot;:&quot;classic&quot;}\">\n\t\t\t\t\t\t\t<div class=\"elementor-background-overlay\"><\/div>\n\t\t\t\t\t\t\t<div class=\"elementor-container elementor-column-gap-no\">\n\t\t\t\t\t<div class=\"elementor-column elementor-col-100 elementor-top-column elementor-element elementor-element-2fa9a663\" data-id=\"2fa9a663\" data-element_type=\"column\" data-e-type=\"column\">\n\t\t\t<div class=\"elementor-widget-wrap elementor-element-populated\">\n\t\t\t\t\t\t<section class=\"elementor-section elementor-inner-section elementor-element elementor-element-6a342379 elementor-section-boxed elementor-section-height-default elementor-section-height-default elementor-invisible\" data-id=\"6a342379\" data-element_type=\"section\" data-e-type=\"section\" data-settings=\"{&quot;animation&quot;:&quot;fadeInUp&quot;}\">\n\t\t\t\t\t\t<div class=\"elementor-container elementor-column-gap-no\">\n\t\t\t\t\t<div class=\"elementor-column elementor-col-100 elementor-inner-column elementor-element elementor-element-18dbaa35\" data-id=\"18dbaa35\" data-element_type=\"column\" data-e-type=\"column\">\n\t\t\t<div class=\"elementor-widget-wrap elementor-element-populated\">\n\t\t\t\t\t\t<div class=\"elementor-element elementor-element-476fea05 elementor-widget elementor-widget-heading\" data-id=\"476fea05\" data-element_type=\"widget\" data-e-type=\"widget\" data-widget_type=\"heading.default\">\n\t\t\t\t<div class=\"elementor-widget-container\">\n\t\t\t\t\t<h2 class=\"elementor-heading-title elementor-size-default\">Des actions durables, des r\u00e9actions pleines d'espoir<\/h2>\t\t\t\t<\/div>\n\t\t\t\t<\/div>\n\t\t\t\t\t<\/div>\n\t\t<\/div>\n\t\t\t\t\t<\/div>\n\t\t<\/section>\n\t\t\t\t<div class=\"elementor-element elementor-element-519f696a elementor-widget elementor-widget-text-editor\" data-id=\"519f696a\" data-element_type=\"widget\" data-e-type=\"widget\" data-widget_type=\"text-editor.default\">\n\t\t\t\t<div class=\"elementor-widget-container\">\n\t\t\t\t\t\t\t\t\t<p><span style=\"font-weight: 400;\">Les \u00e9l\u00e8ves exploreront <\/span><b>l&rsquo;\u00e9cologie marine et d&rsquo;eau douce<\/b><span style=\"font-weight: 400;\">, apprendront \u00e0 <\/span><b>\u00e9valuer la qualit\u00e9 de l&rsquo;eau<\/b><span style=\"font-weight: 400;\">, <\/span><b>identifier les organismes aquatiques<\/b><span style=\"font-weight: 400;\">, et <\/span><b>comprendre la gestion des bassins versants<\/b><span style=\"font-weight: 400;\">. Ils examineront aussi comment <\/span><b>r\u00e9duire les effets de la pollution diffuse<\/b><span style=\"font-weight: 400;\"> et prendre des d\u00e9cisions qui aident \u00e0 pr\u00e9server les ressources en eau du Nouveau-Brunswick pour les g\u00e9n\u00e9rations futures.<\/span><\/p>\t\t\t\t\t\t\t\t<\/div>\n\t\t\t\t<\/div>\n\t\t\t\t\t<\/div>\n\t\t<\/div>\n\t\t\t\t\t<\/div>\n\t\t<\/section>\n\t\t<div class=\"elementor-element elementor-element-13cab289 e-flex e-con-boxed e-con e-parent\" data-id=\"13cab289\" data-element_type=\"container\" data-e-type=\"container\">\n\t\t\t\t\t<div class=\"e-con-inner\">\n\t\t<div class=\"elementor-element elementor-element-44087738 e-con-full e-flex e-con e-child\" data-id=\"44087738\" data-element_type=\"container\" data-e-type=\"container\" data-settings=\"{&quot;background_background&quot;:&quot;classic&quot;}\">\n\t\t\t\t<div class=\"elementor-element elementor-element-7c48b1a5 elementor-widget elementor-widget-heading\" data-id=\"7c48b1a5\" data-element_type=\"widget\" data-e-type=\"widget\" data-widget_type=\"heading.default\">\n\t\t\t\t<div class=\"elementor-widget-container\">\n\t\t\t\t\t<h5 class=\"elementor-heading-title elementor-size-default\">Objectifs d'apprentissage\n<\/h5>\t\t\t\t<\/div>\n\t\t\t\t<\/div>\n\t\t\t\t<div class=\"elementor-element elementor-element-7f442b88 elementor-widget elementor-widget-text-editor\" data-id=\"7f442b88\" data-element_type=\"widget\" data-e-type=\"widget\" data-widget_type=\"text-editor.default\">\n\t\t\t\t<div class=\"elementor-widget-container\">\n\t\t\t\t\t\t\t\t\t<p>Le but principal des objectifs d&rsquo;apprentissage est de d\u00e9finir les comp\u00e9tences et les connaissances n\u00e9cessaires pour r\u00e9ussir lors de la comp\u00e9tition provinciale annuelle d&rsquo;Envirothon NB.<\/p>\t\t\t\t\t\t\t\t<\/div>\n\t\t\t\t<\/div>\n\t\t\t\t<\/div>\n\t\t<div class=\"elementor-element elementor-element-7dbef47d e-con-full e-flex e-con e-child\" data-id=\"7dbef47d\" data-element_type=\"container\" data-e-type=\"container\" data-settings=\"{&quot;background_background&quot;:&quot;classic&quot;}\">\n\t\t\t\t<div class=\"elementor-element elementor-element-3ab6fbc5 elementor-view-stacked elementor-shape-square elementor-position-inline-start elementor-mobile-position-inline-start elementor-widget elementor-widget-icon-box\" data-id=\"3ab6fbc5\" data-element_type=\"widget\" data-e-type=\"widget\" data-widget_type=\"icon-box.default\">\n\t\t\t\t<div class=\"elementor-widget-container\">\n\t\t\t\t\t\t\t<div class=\"elementor-icon-box-wrapper\">\n\n\t\t\t\t\t\t<div class=\"elementor-icon-box-icon\">\n\t\t\t\t<a href=\"https:\/\/envirothonnb.ca\/wp-content\/uploads\/2026\/04\/2026-LearningObjectives-AquaticEcology.pdf\" class=\"elementor-icon\" tabindex=\"-1\" aria-label=\"Objectifs d\u2019apprentissage en \u00e9cologie aquatique\">\n\t\t\t\t<i aria-hidden=\"true\" class=\"icofont icofont-tree\"><\/i>\t\t\t\t<\/a>\n\t\t\t<\/div>\n\t\t\t\n\t\t\t\t\t\t<div class=\"elementor-icon-box-content\">\n\n\t\t\t\t\t\t\t\t\t<div class=\"elementor-icon-box-title\">\n\t\t\t\t\t\t<a href=\"https:\/\/envirothonnb.ca\/wp-content\/uploads\/2026\/04\/2026-LearningObjectives-AquaticEcology.pdf\" >\n\t\t\t\t\t\t\tObjectifs d\u2019apprentissage en \u00e9cologie aquatique\t\t\t\t\t\t<\/a>\n\t\t\t\t\t<\/div>\n\t\t\t\t\n\t\t\t\t\n\t\t\t<\/div>\n\t\t\t\n\t\t<\/div>\n\t\t\t\t\t\t<\/div>\n\t\t\t\t<\/div>\n\t\t\t\t<\/div>\n\t\t\t\t\t<\/div>\n\t\t\t\t<\/div>\n\t\t\t\t<section class=\"elementor-section elementor-top-section elementor-element elementor-element-313b1b77 elementor-section-boxed elementor-section-height-default elementor-section-height-default\" data-id=\"313b1b77\" data-element_type=\"section\" data-e-type=\"section\">\n\t\t\t\t\t\t\t<div class=\"elementor-background-overlay\"><\/div>\n\t\t\t\t\t\t\t<div class=\"elementor-container elementor-column-gap-wider\">\n\t\t\t\t\t<div class=\"elementor-column elementor-col-50 elementor-top-column elementor-element elementor-element-34d9176b\" data-id=\"34d9176b\" data-element_type=\"column\" data-e-type=\"column\" data-settings=\"{&quot;background_background&quot;:&quot;classic&quot;}\">\n\t\t\t<div class=\"elementor-widget-wrap elementor-element-populated\">\n\t\t\t\t\t<div class=\"elementor-background-overlay\"><\/div>\n\t\t\t\t\t\t<div class=\"elementor-element elementor-element-53e0e64a elementor-widget elementor-widget-heading\" data-id=\"53e0e64a\" data-element_type=\"widget\" data-e-type=\"widget\" data-widget_type=\"heading.default\">\n\t\t\t\t<div class=\"elementor-widget-container\">\n\t\t\t\t\t<h5 class=\"elementor-heading-title elementor-size-default\">Guide d'\u00e9tude\n<\/h5>\t\t\t\t<\/div>\n\t\t\t\t<\/div>\n\t\t\t\t<div class=\"elementor-element elementor-element-72f0ea37 elementor-widget elementor-widget-text-editor\" data-id=\"72f0ea37\" data-element_type=\"widget\" data-e-type=\"widget\" data-widget_type=\"text-editor.default\">\n\t\t\t\t<div class=\"elementor-widget-container\">\n\t\t\t\t\t\t\t\t\t<p>Le guide d&rsquo;\u00e9tude comprend des sujets cl\u00e9s et des ressources d&rsquo;\u00e9tude directement li\u00e9s au th\u00e8me. Il contient des connaissances g\u00e9n\u00e9rales ainsi que des ressources d&rsquo;une perspective provinciale, nationale ou mondiale. <\/p>\t\t\t\t\t\t\t\t<\/div>\n\t\t\t\t<\/div>\n\t\t\t\t\t<\/div>\n\t\t<\/div>\n\t\t\t\t<div class=\"elementor-column elementor-col-50 elementor-top-column elementor-element elementor-element-103fdd5e\" data-id=\"103fdd5e\" data-element_type=\"column\" data-e-type=\"column\" data-settings=\"{&quot;background_background&quot;:&quot;classic&quot;}\">\n\t\t\t<div class=\"elementor-widget-wrap elementor-element-populated\">\n\t\t\t\t\t\t<div class=\"elementor-element elementor-element-7cb4fb25 elementor-view-stacked elementor-shape-square elementor-position-inline-start elementor-mobile-position-inline-start elementor-widget elementor-widget-icon-box\" data-id=\"7cb4fb25\" data-element_type=\"widget\" data-e-type=\"widget\" data-widget_type=\"icon-box.default\">\n\t\t\t\t<div class=\"elementor-widget-container\">\n\t\t\t\t\t\t\t<div class=\"elementor-icon-box-wrapper\">\n\n\t\t\t\t\t\t<div class=\"elementor-icon-box-icon\">\n\t\t\t\t<a href=\"https:\/\/envirothonnb.ca\/wp-content\/uploads\/2026\/04\/2026-Aquatics-Index_Introduction_Table-of-Contents.pdf\" class=\"elementor-icon\" tabindex=\"-1\" aria-label=\"Introduction aux milieux aquatiques 2026 &amp; table des mati\u00e8res\">\n\t\t\t\t<i aria-hidden=\"true\" class=\"icofont icofont-tree\"><\/i>\t\t\t\t<\/a>\n\t\t\t<\/div>\n\t\t\t\n\t\t\t\t\t\t<div class=\"elementor-icon-box-content\">\n\n\t\t\t\t\t\t\t\t\t<div class=\"elementor-icon-box-title\">\n\t\t\t\t\t\t<a href=\"https:\/\/envirothonnb.ca\/wp-content\/uploads\/2026\/04\/2026-Aquatics-Index_Introduction_Table-of-Contents.pdf\" >\n\t\t\t\t\t\t\tIntroduction aux milieux aquatiques 2026 &amp; table des mati\u00e8res\t\t\t\t\t\t<\/a>\n\t\t\t\t\t<\/div>\n\t\t\t\t\n\t\t\t\t\n\t\t\t<\/div>\n\t\t\t\n\t\t<\/div>\n\t\t\t\t\t\t<\/div>\n\t\t\t\t<\/div>\n\t\t\t\t<div class=\"elementor-element elementor-element-1e8b0446 elementor-widget elementor-widget-text-editor\" data-id=\"1e8b0446\" data-element_type=\"widget\" data-e-type=\"widget\" data-widget_type=\"text-editor.default\">\n\t\t\t\t<div class=\"elementor-widget-container\">\n\t\t\t\t\t\t\t\t\t<ul><li><a href=\"https:\/\/envirothonnb.ca\/wp-content\/uploads\/2026\/04\/Aquatics-Module1_Watersheds.pdf\" target=\"_blank\" rel=\"noopener\">Module Aquatique 1 : <strong>Bassins versants<\/strong><\/a><\/li><li><a href=\"https:\/\/envirothonnb.ca\/wp-content\/uploads\/2026\/04\/Aquatics-Module2_AquaticEnvironments.pdf\" target=\"_blank\" rel=\"noopener\">Module Aquatique 2 : <strong>Milieux aquatiques<\/strong><\/a><\/li><li><a href=\"https:\/\/envirothonnb.ca\/wp-content\/uploads\/2026\/04\/Aquatics-Module3_WaterQuality.pdf\" target=\"_blank\" rel=\"noopener\">Module Aquatique 3 : <strong>Qualit\u00e9 de l\u2019eau<\/strong><\/a><\/li><li><a href=\"https:\/\/envirothonnb.ca\/wp-content\/uploads\/2026\/04\/Aquatics-Module4_BenthicMacroinvertebrates.pdf\" target=\"_blank\" rel=\"noopener\">Module Aquatique 4 : <strong>Macroinvert\u00e9br\u00e9s benthiques<\/strong><\/a><\/li><li><a href=\"https:\/\/envirothonnb.ca\/wp-content\/uploads\/2026\/04\/Aquatics-Module5_Fish_IdentificationEcology.pdf\" target=\"_blank\" rel=\"noopener\">Module Aquatique 5 : <strong>\u00c9cologie de l\u2019identification des poissons<\/strong><\/a><\/li><li><a href=\"https:\/\/envirothonnb.ca\/wp-content\/uploads\/2026\/04\/Aquatics-Module6_NonPointSourcePollution.pdf\" target=\"_blank\" rel=\"noopener\">Module Aquatique 6 : <strong>Pollution de sources diffuses<\/strong><\/a><\/li><li><a href=\"https:\/\/envirothonnb.ca\/wp-content\/uploads\/2026\/04\/Aquatics-Module7_LegislationGovernance.docx.pdf\" target=\"_blank\" rel=\"noopener\">Module Aquatique 7 : <strong>L\u00e9gislation et gouvernance<\/strong><\/a><\/li><li><a href=\"https:\/\/envirothonnb.ca\/wp-content\/uploads\/2026\/04\/Aquatics-Module8_FieldSkillsExamPrep.pdf\" target=\"_blank\" rel=\"noopener\">Module Aquatique 8 : <strong>Comp\u00e9tences de terrain et pr\u00e9paration au test du N.-B.<\/strong><\/a><\/li><\/ul>\t\t\t\t\t\t\t\t<\/div>\n\t\t\t\t<\/div>\n\t\t\t\t\t<\/div>\n\t\t<\/div>\n\t\t\t\t\t<\/div>\n\t\t<\/section>\n\t\t\t\t<\/div>\n\t\t","protected":false},"excerpt":{"rendered":"<p>\u00c9cologie aquatique Des puissantes mar\u00e9es de la baie de Fundy \u00e0 nos innombrables lacs, rivi\u00e8res et milieux humides, l&rsquo;eau fa\u00e7onne chaque aspect de la vie au Nouveau-Brunswick. Cette ressource essentielle soutient les communaut\u00e9s, les for\u00eats, la faune et l&rsquo;industrie\u2014et c&rsquo;est \u00e0 nous de contribuer \u00e0 la prot\u00e9ger. Les \u00e9cosyst\u00e8mes aquatiques de la province sont riches [&hellip;]<\/p>\n","protected":false},"author":1,"featured_media":0,"parent":0,"menu_order":0,"comment_status":"closed","ping_status":"closed","template":"","meta":{"footnotes":""},"class_list":["post-1918","page","type-page","status-publish","hentry"],"_links":{"self":[{"href":"https:\/\/envirothonnb.ca\/fr\/wp-json\/wp\/v2\/pages\/1918","targetHints":{"allow":["GET"]}}],"collection":[{"href":"https:\/\/envirothonnb.ca\/fr\/wp-json\/wp\/v2\/pages"}],"about":[{"href":"https:\/\/envirothonnb.ca\/fr\/wp-json\/wp\/v2\/types\/page"}],"author":[{"embeddable":true,"href":"https:\/\/envirothonnb.ca\/fr\/wp-json\/wp\/v2\/users\/1"}],"replies":[{"embeddable":true,"href":"https:\/\/envirothonnb.ca\/fr\/wp-json\/wp\/v2\/comments?post=1918"}],"version-history":[{"count":4,"href":"https:\/\/envirothonnb.ca\/fr\/wp-json\/wp\/v2\/pages\/1918\/revisions"}],"predecessor-version":[{"id":2725,"href":"https:\/\/envirothonnb.ca\/fr\/wp-json\/wp\/v2\/pages\/1918\/revisions\/2725"}],"wp:attachment":[{"href":"https:\/\/envirothonnb.ca\/fr\/wp-json\/wp\/v2\/media?parent=1918"}],"curies":[{"name":"wp","href":"https:\/\/api.w.org\/{rel}","templated":true}]}}