{"id":1929,"date":"2025-10-27T17:11:25","date_gmt":"2025-10-27T17:11:25","guid":{"rendered":"https:\/\/envirothonnb.ca\/enjeu-environnemental-actuel\/"},"modified":"2025-11-11T14:59:03","modified_gmt":"2025-11-11T14:59:03","slug":"enjeu-environnemental-actuel","status":"publish","type":"page","link":"https:\/\/envirothonnb.ca\/fr\/enjeu-environnemental-actuel\/","title":{"rendered":"Enjeu environnemental actuel"},"content":{"rendered":"\t\t<div data-elementor-type=\"wp-page\" data-elementor-id=\"1929\" class=\"elementor elementor-1929 elementor-1474\" data-elementor-post-type=\"page\">\n\t\t\t\t\t\t<section class=\"elementor-section elementor-top-section elementor-element elementor-element-4db68c24 elementor-section-boxed elementor-section-height-default elementor-section-height-default\" data-id=\"4db68c24\" data-element_type=\"section\" data-e-type=\"section\" data-settings=\"{&quot;background_background&quot;:&quot;classic&quot;}\">\n\t\t\t\t\t\t\t<div class=\"elementor-background-overlay\"><\/div>\n\t\t\t\t\t\t\t<div class=\"elementor-container elementor-column-gap-no\">\n\t\t\t\t\t<div class=\"elementor-column elementor-col-100 elementor-top-column elementor-element elementor-element-768bd75f\" data-id=\"768bd75f\" data-element_type=\"column\" data-e-type=\"column\">\n\t\t\t<div class=\"elementor-widget-wrap elementor-element-populated\">\n\t\t\t\t\t\t<div class=\"elementor-element elementor-element-2840e27d elementor-invisible elementor-widget elementor-widget-heading\" data-id=\"2840e27d\" data-element_type=\"widget\" data-e-type=\"widget\" data-settings=\"{&quot;_animation&quot;:&quot;fadeInDown&quot;}\" data-widget_type=\"heading.default\">\n\t\t\t\t<div class=\"elementor-widget-container\">\n\t\t\t\t\t<h2 class=\"elementor-heading-title elementor-size-default\">Enjeu environnemental actuel<\/h2>\t\t\t\t<\/div>\n\t\t\t\t<\/div>\n\t\t\t\t\t<\/div>\n\t\t<\/div>\n\t\t\t\t\t<\/div>\n\t\t<\/section>\n\t\t\t\t<section class=\"elementor-section elementor-top-section elementor-element elementor-element-72459166 elementor-section-boxed elementor-section-height-default elementor-section-height-default\" data-id=\"72459166\" data-element_type=\"section\" data-e-type=\"section\">\n\t\t\t\t\t\t<div class=\"elementor-container elementor-column-gap-no\">\n\t\t\t\t\t<div class=\"elementor-column elementor-col-50 elementor-top-column elementor-element elementor-element-44effdc3\" data-id=\"44effdc3\" data-element_type=\"column\" data-e-type=\"column\">\n\t\t\t<div class=\"elementor-widget-wrap elementor-element-populated\">\n\t\t\t\t\t\t<div class=\"elementor-element elementor-element-7acad4d9 elementor-invisible elementor-widget elementor-widget-heading\" data-id=\"7acad4d9\" data-element_type=\"widget\" data-e-type=\"widget\" data-settings=\"{&quot;_animation&quot;:&quot;fadeInUp&quot;}\" data-widget_type=\"heading.default\">\n\t\t\t\t<div class=\"elementor-widget-container\">\n\t\t\t\t\t<h2 class=\"elementor-heading-title elementor-size-default\">Enjeu environnemental actuel : la pollution diffuse \u2014 \u00e7a commence \u00e0 la maison !<\/h2>\t\t\t\t<\/div>\n\t\t\t\t<\/div>\n\t\t\t\t<div class=\"elementor-element elementor-element-7f554615 elementor-widget elementor-widget-heading\" data-id=\"7f554615\" data-element_type=\"widget\" data-e-type=\"widget\" data-widget_type=\"heading.default\">\n\t\t\t\t<div class=\"elementor-widget-container\">\n\t\t\t\t\t<h2 class=\"elementor-heading-title elementor-size-default\">Chaque ann\u00e9e, les \u00e9quipes d'Envirothon NB explorent un enjeu environnemental majeur qui affecte nos communaut\u00e9s, nos ressources naturelles et la plan\u00e8te. Le th\u00e8me de cette ann\u00e9e \u2014 la pollution diffuse \u2014 nous touche de pr\u00e8s. <\/h2>\t\t\t\t<\/div>\n\t\t\t\t<\/div>\n\t\t\t\t<div class=\"elementor-element elementor-element-4454adcc elementor-widget elementor-widget-text-editor\" data-id=\"4454adcc\" data-element_type=\"widget\" data-e-type=\"widget\" data-widget_type=\"text-editor.default\">\n\t\t\t\t<div class=\"elementor-widget-container\">\n\t\t\t\t\t\t\t\t\t<p><span style=\"font-weight: 400;\">La pollution diffuse se produit lorsque la pluie ou la neige fondue transporte des polluants comme les engrais, l&rsquo;huile, le sel et les s\u00e9diments dans nos rivi\u00e8res, nos lacs et nos eaux souterraines. Au Nouveau-Brunswick, o\u00f9 la foresterie, l&rsquo;agriculture et les communaut\u00e9s c\u00f4ti\u00e8res d\u00e9pendent d&rsquo;une eau propre, il est essentiel de comprendre comment nos actions quotidiennes impactent nos bassins versants. <\/span><\/p>\t\t\t\t\t\t\t\t<\/div>\n\t\t\t\t<\/div>\n\t\t\t\t\t<\/div>\n\t\t<\/div>\n\t\t\t\t<div class=\"elementor-column elementor-col-50 elementor-top-column elementor-element elementor-element-c4aa467\" data-id=\"c4aa467\" data-element_type=\"column\" data-e-type=\"column\">\n\t\t\t<div class=\"elementor-widget-wrap elementor-element-populated\">\n\t\t\t\t\t\t<div class=\"elementor-element elementor-element-61e75e95 elementor-invisible elementor-widget elementor-widget-image\" data-id=\"61e75e95\" data-element_type=\"widget\" data-e-type=\"widget\" data-settings=\"{&quot;_animation&quot;:&quot;fadeInRight&quot;}\" data-widget_type=\"image.default\">\n\t\t\t\t<div class=\"elementor-widget-container\">\n\t\t\t\t\t\t\t\t\t\t\t\t\t\t\t<img fetchpriority=\"high\" decoding=\"async\" width=\"799\" height=\"533\" src=\"https:\/\/envirothonnb.ca\/wp-content\/uploads\/2025\/10\/54571086786_da81a261a8_c.jpg\" class=\"attachment-full size-full wp-image-1920\" alt=\"\" srcset=\"https:\/\/envirothonnb.ca\/wp-content\/uploads\/2025\/10\/54571086786_da81a261a8_c.jpg 799w, https:\/\/envirothonnb.ca\/wp-content\/uploads\/2025\/10\/54571086786_da81a261a8_c-300x200.jpg 300w, https:\/\/envirothonnb.ca\/wp-content\/uploads\/2025\/10\/54571086786_da81a261a8_c-768x512.jpg 768w\" sizes=\"(max-width: 799px) 100vw, 799px\" \/>\t\t\t\t\t\t\t\t\t\t\t\t\t\t\t<\/div>\n\t\t\t\t<\/div>\n\t\t\t\t<div class=\"elementor-element elementor-element-21eb64d6 elementor-widget__width-initial elementor-absolute elementor-invisible elementor-widget elementor-widget-image\" data-id=\"21eb64d6\" data-element_type=\"widget\" data-e-type=\"widget\" data-settings=\"{&quot;_position&quot;:&quot;absolute&quot;,&quot;_animation&quot;:&quot;fadeInUp&quot;}\" data-widget_type=\"image.default\">\n\t\t\t\t<div class=\"elementor-widget-container\">\n\t\t\t\t\t\t\t\t\t\t\t\t\t\t\t<img decoding=\"async\" width=\"799\" height=\"533\" src=\"https:\/\/envirothonnb.ca\/wp-content\/uploads\/2025\/10\/54571414235_1019278e91_c.jpg\" class=\"attachment-full size-full wp-image-1921\" alt=\"\" srcset=\"https:\/\/envirothonnb.ca\/wp-content\/uploads\/2025\/10\/54571414235_1019278e91_c.jpg 799w, https:\/\/envirothonnb.ca\/wp-content\/uploads\/2025\/10\/54571414235_1019278e91_c-300x200.jpg 300w, https:\/\/envirothonnb.ca\/wp-content\/uploads\/2025\/10\/54571414235_1019278e91_c-768x512.jpg 768w\" sizes=\"(max-width: 799px) 100vw, 799px\" \/>\t\t\t\t\t\t\t\t\t\t\t\t\t\t\t<\/div>\n\t\t\t\t<\/div>\n\t\t\t\t\t<\/div>\n\t\t<\/div>\n\t\t\t\t\t<\/div>\n\t\t<\/section>\n\t\t\t\t<section class=\"elementor-section elementor-top-section elementor-element elementor-element-53e0d68b elementor-section-boxed elementor-section-height-default elementor-section-height-default\" data-id=\"53e0d68b\" data-element_type=\"section\" data-e-type=\"section\" data-settings=\"{&quot;background_background&quot;:&quot;classic&quot;}\">\n\t\t\t\t\t\t\t<div class=\"elementor-background-overlay\"><\/div>\n\t\t\t\t\t\t\t<div class=\"elementor-container elementor-column-gap-no\">\n\t\t\t\t\t<div class=\"elementor-column elementor-col-100 elementor-top-column elementor-element elementor-element-10de8d31\" data-id=\"10de8d31\" data-element_type=\"column\" data-e-type=\"column\">\n\t\t\t<div class=\"elementor-widget-wrap elementor-element-populated\">\n\t\t\t\t\t\t<section class=\"elementor-section elementor-inner-section elementor-element elementor-element-27e0197d elementor-section-boxed elementor-section-height-default elementor-section-height-default elementor-invisible\" data-id=\"27e0197d\" data-element_type=\"section\" data-e-type=\"section\" data-settings=\"{&quot;animation&quot;:&quot;fadeInUp&quot;}\">\n\t\t\t\t\t\t<div class=\"elementor-container elementor-column-gap-no\">\n\t\t\t\t\t<div class=\"elementor-column elementor-col-100 elementor-inner-column elementor-element elementor-element-16352314\" data-id=\"16352314\" data-element_type=\"column\" data-e-type=\"column\">\n\t\t\t<div class=\"elementor-widget-wrap elementor-element-populated\">\n\t\t\t\t\t\t<div class=\"elementor-element elementor-element-2a1ccd18 elementor-widget elementor-widget-heading\" data-id=\"2a1ccd18\" data-element_type=\"widget\" data-e-type=\"widget\" data-widget_type=\"heading.default\">\n\t\t\t\t<div class=\"elementor-widget-container\">\n\t\t\t\t\t<h2 class=\"elementor-heading-title elementor-size-default\">Des actions durables, des r\u00e9actions pleines d'espoir<\/h2>\t\t\t\t<\/div>\n\t\t\t\t<\/div>\n\t\t\t\t\t<\/div>\n\t\t<\/div>\n\t\t\t\t\t<\/div>\n\t\t<\/section>\n\t\t\t\t<div class=\"elementor-element elementor-element-3899690b elementor-widget elementor-widget-text-editor\" data-id=\"3899690b\" data-element_type=\"widget\" data-e-type=\"widget\" data-widget_type=\"text-editor.default\">\n\t\t\t\t<div class=\"elementor-widget-container\">\n\t\t\t\t\t\t\t\t\t<p><span style=\"font-weight: 400;\">Explore <\/span><b>l&rsquo;\u00e9cologie marine et d&rsquo;eau douce<\/b><span style=\"font-weight: 400;\">, apprends \u00e0 <\/span><b>\u00e9valuer la qualit\u00e9 de l&rsquo;eau<\/b><span style=\"font-weight: 400;\">, \u00e0 <\/span><b>identifier les organismes aquatiques<\/b><span style=\"font-weight: 400;\">, et \u00e0 <\/span><b>comprendre la gestion des bassins versants<\/b><span style=\"font-weight: 400;\">. Tu examineras \u00e9galement comment <\/span><b>r\u00e9duire les effets de la pollution diffuse<\/b><span style=\"font-weight: 400;\"> et prendre des d\u00e9cisions qui aident \u00e0 pr\u00e9server les ressources en eau du Nouveau-Brunswick pour les g\u00e9n\u00e9rations futures.<\/span><\/p>\t\t\t\t\t\t\t\t<\/div>\n\t\t\t\t<\/div>\n\t\t\t\t\t<\/div>\n\t\t<\/div>\n\t\t\t\t\t<\/div>\n\t\t<\/section>\n\t\t\t\t<section class=\"elementor-section elementor-top-section elementor-element elementor-element-283f2ecc elementor-section-boxed elementor-section-height-default elementor-section-height-default\" data-id=\"283f2ecc\" data-element_type=\"section\" data-e-type=\"section\">\n\t\t\t\t\t\t<div class=\"elementor-container elementor-column-gap-no\">\n\t\t\t\t\t<div class=\"elementor-column elementor-col-100 elementor-top-column elementor-element elementor-element-2ea33851\" data-id=\"2ea33851\" data-element_type=\"column\" data-e-type=\"column\">\n\t\t\t<div class=\"elementor-widget-wrap elementor-element-populated\">\n\t\t\t\t\t\t<section class=\"elementor-section elementor-inner-section elementor-element elementor-element-663b9d10 elementor-section-full_width elementor-section-height-default elementor-section-height-default elementor-invisible\" data-id=\"663b9d10\" data-element_type=\"section\" data-e-type=\"section\" data-settings=\"{&quot;animation&quot;:&quot;fadeInUp&quot;}\">\n\t\t\t\t\t\t<div class=\"elementor-container elementor-column-gap-default\">\n\t\t\t\t\t<div class=\"elementor-column elementor-col-50 elementor-inner-column elementor-element elementor-element-34522927 elementor-invisible\" data-id=\"34522927\" data-element_type=\"column\" data-e-type=\"column\" data-settings=\"{&quot;animation&quot;:&quot;fadeInLeft&quot;}\">\n\t\t\t<div class=\"elementor-widget-wrap elementor-element-populated\">\n\t\t\t\t\t\t<div class=\"elementor-element elementor-element-1cc8a077 elementor-cta--skin-classic elementor-animated-content elementor-bg-transform elementor-bg-transform-zoom-in elementor-widget elementor-widget-call-to-action\" data-id=\"1cc8a077\" data-element_type=\"widget\" data-e-type=\"widget\" data-widget_type=\"call-to-action.default\">\n\t\t\t\t<div class=\"elementor-widget-container\">\n\t\t\t\t\t\t\t<div class=\"elementor-cta\">\n\t\t\t\t\t<div class=\"elementor-cta__bg-wrapper\">\n\t\t\t\t<div class=\"elementor-cta__bg elementor-bg\" style=\"background-image: url(https:\/\/envirothonnb.ca\/wp-content\/uploads\/2024\/10\/world-environment-day-reforesting-nature-and-ecology-concept-the-hands-of-the-young-man-were-plant.jpg);\" role=\"img\" aria-label=\"world-environment-day-reforesting-nature-and-ecology-concept-the-hands-of-the-young-man-were-plant.jpg\"><\/div>\n\t\t\t\t<div class=\"elementor-cta__bg-overlay\"><\/div>\n\t\t\t<\/div>\n\t\t\t\t\t\t\t<div class=\"elementor-cta__content\">\n\t\t\t\t\n\t\t\t\t\t\t\t\t\t<h2 class=\"elementor-cta__title elementor-cta__content-item elementor-content-item\">\n\t\t\t\t\t\tObjectifs d'apprentissage\t\t\t\t\t<\/h2>\n\t\t\t\t\n\t\t\t\t\t\t\t\t\t<div class=\"elementor-cta__description elementor-cta__content-item elementor-content-item\">\n\t\t\t\t\t\tLe but principal des objectifs d'apprentissage est de d\u00e9finir les comp\u00e9tences et les connaissances n\u00e9cessaires pour r\u00e9ussir lors de la comp\u00e9tition provinciale annuelle d'Envirothon NB.\t\t\t\t\t<\/div>\n\t\t\t\t\n\t\t\t\t\t\t\t\t\t<div class=\"elementor-cta__button-wrapper elementor-cta__content-item elementor-content-item \">\n\t\t\t\t\t<a class=\"elementor-cta__button elementor-button elementor-size-\" href=\"https:\/\/envirothonnb.ca\/wp-content\/uploads\/2025\/10\/Current-Issue-Learning-Objectives.pdf\">\n\t\t\t\t\t\tEn savoir plus\t\t\t\t\t<\/a>\n\t\t\t\t\t<\/div>\n\t\t\t\t\t\t\t<\/div>\n\t\t\t\t\t\t<\/div>\n\t\t\t\t\t\t<\/div>\n\t\t\t\t<\/div>\n\t\t\t\t\t<\/div>\n\t\t<\/div>\n\t\t\t\t<div class=\"elementor-column elementor-col-50 elementor-inner-column elementor-element elementor-element-67f9b889\" data-id=\"67f9b889\" data-element_type=\"column\" data-e-type=\"column\">\n\t\t\t<div class=\"elementor-widget-wrap elementor-element-populated\">\n\t\t\t\t\t\t<div class=\"elementor-element elementor-element-36705d85 elementor-cta--skin-classic elementor-animated-content elementor-bg-transform elementor-bg-transform-zoom-in elementor-widget elementor-widget-call-to-action\" data-id=\"36705d85\" data-element_type=\"widget\" data-e-type=\"widget\" data-widget_type=\"call-to-action.default\">\n\t\t\t\t<div class=\"elementor-widget-container\">\n\t\t\t\t\t\t\t<div class=\"elementor-cta\">\n\t\t\t\t\t<div class=\"elementor-cta__bg-wrapper\">\n\t\t\t\t<div class=\"elementor-cta__bg elementor-bg\" style=\"background-image: url(https:\/\/envirothonnb.ca\/wp-content\/uploads\/2024\/10\/woman-working-at-donation-center.jpg);\" role=\"img\" aria-label=\"woman-working-at-donation-center.jpg\"><\/div>\n\t\t\t\t<div class=\"elementor-cta__bg-overlay\"><\/div>\n\t\t\t<\/div>\n\t\t\t\t\t\t\t<div class=\"elementor-cta__content\">\n\t\t\t\t\n\t\t\t\t\t\t\t\t\t<h2 class=\"elementor-cta__title elementor-cta__content-item elementor-content-item\">\n\t\t\t\t\t\tGuide d'\u00e9tude\t\t\t\t\t<\/h2>\n\t\t\t\t\n\t\t\t\t\t\t\t\t\t<div class=\"elementor-cta__description elementor-cta__content-item elementor-content-item\">\n\t\t\t\t\t\tLe guide d'\u00e9tude comprend des sujets cl\u00e9s et des ressources d'\u00e9tude directement li\u00e9s au th\u00e8me. Il contient des connaissances g\u00e9n\u00e9rales ainsi que des ressources d'une perspective provinciale, nationale ou mondiale. \t\t\t\t\t<\/div>\n\t\t\t\t\n\t\t\t\t\t\t\t\t\t<div class=\"elementor-cta__button-wrapper elementor-cta__content-item elementor-content-item \">\n\t\t\t\t\t<a class=\"elementor-cta__button elementor-button elementor-size-\" href=\"https:\/\/envirothon.org\/wp-content\/uploads\/2025\/09\/2026-Current-Issues-Part-A.pdf\">\n\t\t\t\t\t\tEn savoir plus\t\t\t\t\t<\/a>\n\t\t\t\t\t<\/div>\n\t\t\t\t\t\t\t<\/div>\n\t\t\t\t\t\t<\/div>\n\t\t\t\t\t\t<\/div>\n\t\t\t\t<\/div>\n\t\t\t\t\t<\/div>\n\t\t<\/div>\n\t\t\t\t\t<\/div>\n\t\t<\/section>\n\t\t\t\t\t<\/div>\n\t\t<\/div>\n\t\t\t\t\t<\/div>\n\t\t<\/section>\n\t\t\t\t<\/div>\n\t\t","protected":false},"excerpt":{"rendered":"<p>Enjeu environnemental actuel Enjeu environnemental actuel : la pollution diffuse \u2014 \u00e7a commence \u00e0 la maison ! Chaque ann\u00e9e, les \u00e9quipes d&rsquo;Envirothon NB explorent un enjeu environnemental majeur qui affecte nos communaut\u00e9s, nos ressources naturelles et la plan\u00e8te. Le th\u00e8me de cette ann\u00e9e \u2014 la pollution diffuse \u2014 nous touche de pr\u00e8s. La pollution diffuse [&hellip;]<\/p>\n","protected":false},"author":1,"featured_media":0,"parent":0,"menu_order":0,"comment_status":"closed","ping_status":"closed","template":"","meta":{"footnotes":""},"class_list":["post-1929","page","type-page","status-publish","hentry"],"_links":{"self":[{"href":"https:\/\/envirothonnb.ca\/fr\/wp-json\/wp\/v2\/pages\/1929","targetHints":{"allow":["GET"]}}],"collection":[{"href":"https:\/\/envirothonnb.ca\/fr\/wp-json\/wp\/v2\/pages"}],"about":[{"href":"https:\/\/envirothonnb.ca\/fr\/wp-json\/wp\/v2\/types\/page"}],"author":[{"embeddable":true,"href":"https:\/\/envirothonnb.ca\/fr\/wp-json\/wp\/v2\/users\/1"}],"replies":[{"embeddable":true,"href":"https:\/\/envirothonnb.ca\/fr\/wp-json\/wp\/v2\/comments?post=1929"}],"version-history":[{"count":1,"href":"https:\/\/envirothonnb.ca\/fr\/wp-json\/wp\/v2\/pages\/1929\/revisions"}],"predecessor-version":[{"id":1932,"href":"https:\/\/envirothonnb.ca\/fr\/wp-json\/wp\/v2\/pages\/1929\/revisions\/1932"}],"wp:attachment":[{"href":"https:\/\/envirothonnb.ca\/fr\/wp-json\/wp\/v2\/media?parent=1929"}],"curies":[{"name":"wp","href":"https:\/\/api.w.org\/{rel}","templated":true}]}}