{"id":1944,"date":"2025-10-28T15:07:15","date_gmt":"2025-10-28T15:07:15","guid":{"rendered":"https:\/\/envirothonnb.ca\/contributeur\/"},"modified":"2025-11-20T19:41:43","modified_gmt":"2025-11-20T19:41:43","slug":"contributeur","status":"publish","type":"page","link":"https:\/\/envirothonnb.ca\/fr\/contributeur\/","title":{"rendered":"Contributeur"},"content":{"rendered":"\t\t<div data-elementor-type=\"wp-page\" data-elementor-id=\"1944\" class=\"elementor elementor-1944 elementor-1691\" data-elementor-post-type=\"page\">\n\t\t\t\t\t\t<section class=\"elementor-section elementor-top-section elementor-element elementor-element-33e827be elementor-section-boxed elementor-section-height-default elementor-section-height-default\" data-id=\"33e827be\" data-element_type=\"section\" data-e-type=\"section\" data-settings=\"{&quot;background_background&quot;:&quot;classic&quot;}\">\n\t\t\t\t\t\t\t<div class=\"elementor-background-overlay\"><\/div>\n\t\t\t\t\t\t\t<div class=\"elementor-container elementor-column-gap-no\">\n\t\t\t\t\t<div class=\"elementor-column elementor-col-100 elementor-top-column elementor-element elementor-element-2721ce05\" data-id=\"2721ce05\" data-element_type=\"column\" data-e-type=\"column\">\n\t\t\t<div class=\"elementor-widget-wrap elementor-element-populated\">\n\t\t\t\t\t\t<div class=\"elementor-element elementor-element-21b1bff7 elementor-invisible elementor-widget elementor-widget-heading\" data-id=\"21b1bff7\" data-element_type=\"widget\" data-e-type=\"widget\" data-settings=\"{&quot;_animation&quot;:&quot;fadeInDown&quot;}\" data-widget_type=\"heading.default\">\n\t\t\t\t<div class=\"elementor-widget-container\">\n\t\t\t\t\t<h2 class=\"elementor-heading-title elementor-size-default\">Soutenez la prochaine g\u00e9n\u00e9ration de leaders environnementaux\n<\/h2>\t\t\t\t<\/div>\n\t\t\t\t<\/div>\n\t\t\t\t\t<\/div>\n\t\t<\/div>\n\t\t\t\t\t<\/div>\n\t\t<\/section>\n\t\t\t\t<section class=\"elementor-section elementor-top-section elementor-element elementor-element-34ed71f9 elementor-section-boxed elementor-section-height-default elementor-section-height-default\" data-id=\"34ed71f9\" data-element_type=\"section\" data-e-type=\"section\" data-settings=\"{&quot;background_background&quot;:&quot;classic&quot;}\">\n\t\t\t\t\t\t\t<div class=\"elementor-background-overlay\"><\/div>\n\t\t\t\t\t\t\t<div class=\"elementor-container elementor-column-gap-no\">\n\t\t\t\t\t<div class=\"elementor-column elementor-col-100 elementor-top-column elementor-element elementor-element-694ab5b7\" data-id=\"694ab5b7\" data-element_type=\"column\" data-e-type=\"column\">\n\t\t\t<div class=\"elementor-widget-wrap elementor-element-populated\">\n\t\t\t\t\t\t<section class=\"elementor-section elementor-inner-section elementor-element elementor-element-58505fe3 elementor-section-boxed elementor-section-height-default elementor-section-height-default\" data-id=\"58505fe3\" data-element_type=\"section\" data-e-type=\"section\">\n\t\t\t\t\t\t<div class=\"elementor-container elementor-column-gap-no\">\n\t\t\t\t\t<div class=\"elementor-column elementor-col-50 elementor-inner-column elementor-element elementor-element-4d7e9599\" data-id=\"4d7e9599\" data-element_type=\"column\" data-e-type=\"column\">\n\t\t\t<div class=\"elementor-widget-wrap elementor-element-populated\">\n\t\t\t\t\t\t<div class=\"elementor-element elementor-element-40f4195 elementor-invisible elementor-widget elementor-widget-heading\" data-id=\"40f4195\" data-element_type=\"widget\" data-e-type=\"widget\" data-settings=\"{&quot;_animation&quot;:&quot;fadeInUp&quot;}\" data-widget_type=\"heading.default\">\n\t\t\t\t<div class=\"elementor-widget-container\">\n\t\t\t\t\t<h2 class=\"elementor-heading-title elementor-size-default\">Aidons ensemble<\/h2>\t\t\t\t<\/div>\n\t\t\t\t<\/div>\n\t\t\t\t<div class=\"elementor-element elementor-element-19b3e5d elementor-widget elementor-widget-text-editor\" data-id=\"19b3e5d\" data-element_type=\"widget\" data-e-type=\"widget\" data-widget_type=\"text-editor.default\">\n\t\t\t\t<div class=\"elementor-widget-container\">\n\t\t\t\t\t\t\t\t\t<p><b>Rejoins-nous pour donner aux jeunes les moyens d&rsquo;explorer, d&rsquo;apprendre et de diriger dans le domaine des sciences de l&rsquo;environnement et de la gestion des ressources naturelles.<\/b><span style=\"font-weight: 400;\"><br><\/span><span style=\"font-weight: 400;\">Ta contribution aide \u00e0 offrir des opportunit\u00e9s d&rsquo;apprentissage pratique, des ateliers sur le terrain, des formations d&rsquo;\u00e9quipe et la comp\u00e9tition provinciale annuelle. Que tu donnes financi\u00e8rement ou par un soutien en nature, chaque contribution renforce Envirothon NB et les \u00e9tudiants que nous servons.<\/span><\/p>\t\t\t\t\t\t\t\t<\/div>\n\t\t\t\t<\/div>\n\t\t\t\t\t<\/div>\n\t\t<\/div>\n\t\t\t\t<div class=\"elementor-column elementor-col-50 elementor-inner-column elementor-element elementor-element-405b1e12\" data-id=\"405b1e12\" data-element_type=\"column\" data-e-type=\"column\">\n\t\t\t<div class=\"elementor-widget-wrap elementor-element-populated\">\n\t\t\t\t\t\t<div class=\"elementor-element elementor-element-7cdd7fc3 elementor-invisible elementor-widget elementor-widget-image\" data-id=\"7cdd7fc3\" data-element_type=\"widget\" data-e-type=\"widget\" data-settings=\"{&quot;_animation&quot;:&quot;fadeInRight&quot;}\" data-widget_type=\"image.default\">\n\t\t\t\t<div class=\"elementor-widget-container\">\n\t\t\t\t\t\t\t\t\t\t\t\t\t\t\t<img fetchpriority=\"high\" decoding=\"async\" width=\"799\" height=\"533\" src=\"https:\/\/envirothonnb.ca\/wp-content\/uploads\/2025\/10\/54571415390_ef932aa2e7_c.jpg\" class=\"attachment-full size-full wp-image-1946\" alt=\"\" srcset=\"https:\/\/envirothonnb.ca\/wp-content\/uploads\/2025\/10\/54571415390_ef932aa2e7_c.jpg 799w, https:\/\/envirothonnb.ca\/wp-content\/uploads\/2025\/10\/54571415390_ef932aa2e7_c-300x200.jpg 300w, https:\/\/envirothonnb.ca\/wp-content\/uploads\/2025\/10\/54571415390_ef932aa2e7_c-768x512.jpg 768w\" sizes=\"(max-width: 799px) 100vw, 799px\" \/>\t\t\t\t\t\t\t\t\t\t\t\t\t\t\t<\/div>\n\t\t\t\t<\/div>\n\t\t\t\t\t<\/div>\n\t\t<\/div>\n\t\t\t\t\t<\/div>\n\t\t<\/section>\n\t\t\t\t\t<\/div>\n\t\t<\/div>\n\t\t\t\t\t<\/div>\n\t\t<\/section>\n\t\t<div class=\"elementor-element elementor-element-a82a402 e-flex e-con-boxed e-con e-parent\" data-id=\"a82a402\" data-element_type=\"container\" data-e-type=\"container\">\n\t\t\t\t\t<div class=\"e-con-inner\">\n\t\t<div class=\"elementor-element elementor-element-9b25736 e-con-full e-flex e-con e-child\" data-id=\"9b25736\" data-element_type=\"container\" data-e-type=\"container\" data-settings=\"{&quot;background_background&quot;:&quot;classic&quot;}\">\n\t\t\t\t<div class=\"elementor-element elementor-element-47bb223 elementor-widget elementor-widget-heading\" data-id=\"47bb223\" data-element_type=\"widget\" data-e-type=\"widget\" data-widget_type=\"heading.default\">\n\t\t\t\t<div class=\"elementor-widget-container\">\n\t\t\t\t\t<h2 class=\"elementor-heading-title elementor-size-default\">Contributeur Or<\/h2>\t\t\t\t<\/div>\n\t\t\t\t<\/div>\n\t\t\t\t<div class=\"elementor-element elementor-element-b6a2c7e elementor-widget elementor-widget-heading\" data-id=\"b6a2c7e\" data-element_type=\"widget\" data-e-type=\"widget\" data-widget_type=\"heading.default\">\n\t\t\t\t<div class=\"elementor-widget-container\">\n\t\t\t\t\t<h2 class=\"elementor-heading-title elementor-size-default\">2500 $ et plus<\/h2>\t\t\t\t<\/div>\n\t\t\t\t<\/div>\n\t\t\t\t<div class=\"elementor-element elementor-element-94e5968 elementor-widget elementor-widget-text-editor\" data-id=\"94e5968\" data-element_type=\"widget\" data-e-type=\"widget\" data-widget_type=\"text-editor.default\">\n\t\t\t\t<div class=\"elementor-widget-container\">\n\t\t\t\t\t\t\t\t\t<h5 style=\"text-align: center;\"><b>Montre la voie en soutenant l&rsquo;\u00e9ducation environnementale des jeunes.<\/b><\/h5>\t\t\t\t\t\t\t\t<\/div>\n\t\t\t\t<\/div>\n\t\t\t\t<div class=\"elementor-element elementor-element-5b69574 elementor-widget elementor-widget-text-editor\" data-id=\"5b69574\" data-element_type=\"widget\" data-e-type=\"widget\" data-widget_type=\"text-editor.default\">\n\t\t\t\t<div class=\"elementor-widget-container\">\n\t\t\t\t\t\t\t\t\t<p style=\"text-align: center;\"><span style=\"font-weight: 400;\">Ton soutien fournit un financement essentiel pour l&rsquo;organisation de la comp\u00e9tition, les ressources pour les \u00e9tudiants et les exp\u00e9riences d&rsquo;apprentissage sur le terrain.<\/span><\/p>\t\t\t\t\t\t\t\t<\/div>\n\t\t\t\t<\/div>\n\t\t\t\t<div class=\"elementor-element elementor-element-7c194b4 elementor-widget elementor-widget-text-editor\" data-id=\"7c194b4\" data-element_type=\"widget\" data-e-type=\"widget\" data-widget_type=\"text-editor.default\">\n\t\t\t\t<div class=\"elementor-widget-container\">\n\t\t\t\t\t\t\t\t\t<ul><li style=\"font-weight: 400;\" aria-level=\"1\"><span style=\"font-weight: 400;\">Placement <\/span><b>du logo en \u00e9vidence<\/b><span style=\"font-weight: 400;\"> sur le site web d&rsquo;Envirothon NB et les r\u00e9seaux sociaux (Instagram et Facebook)<\/span><\/li><li style=\"font-weight: 400;\" aria-level=\"1\"><b>Logo mis en avant sur les t-shirts de l&rsquo;\u00e9v\u00e9nement<\/b><span style=\"font-weight: 400;\"> et la signalisation de la comp\u00e9tition<\/span><\/li><li style=\"font-weight: 400;\" aria-level=\"1\"><span style=\"font-weight: 400;\">Possibilit\u00e9 d&rsquo;<\/span><b>afficher une banni\u00e8re<\/b><span style=\"font-weight: 400;\"> lors de la comp\u00e9tition provinciale<\/span><\/li><li style=\"font-weight: 400;\" aria-level=\"1\"><span style=\"font-weight: 400;\">Invitation \u00e0 <\/span><b>prendre la parole lors de la c\u00e9r\u00e9monie de remise des prix et\/ou de l&rsquo;\u00e9v\u00e9nement de formation<\/b><\/li><li style=\"font-weight: 400;\" aria-level=\"1\"><span style=\"font-weight: 400;\">Option de fournir une <\/span><b>vid\u00e9o promotionnelle de 1 \u00e0 2 minutes<\/b><span style=\"font-weight: 400;\"> \u00e0 diffuser pendant l&rsquo;\u00e9v\u00e9nement<\/span><\/li><li style=\"font-weight: 400;\" aria-level=\"1\"><span style=\"font-weight: 400;\">Possibilit\u00e9 de <\/span><b>juger ou de pr\u00e9senter un prix<\/b><span style=\"font-weight: 400;\"> lors de la comp\u00e9tition<\/span><\/li><li style=\"font-weight: 400;\" aria-level=\"1\"><span style=\"font-weight: 400;\">Reconnaissance dans les points forts post-\u00e9v\u00e9nement et les bulletins d&rsquo;information<\/span><\/li><\/ul>\t\t\t\t\t\t\t\t<\/div>\n\t\t\t\t<\/div>\n\t\t\t\t<div class=\"elementor-element elementor-element-46d2276 elementor-align-center elementor-widget elementor-widget-button\" data-id=\"46d2276\" data-element_type=\"widget\" data-e-type=\"widget\" data-widget_type=\"button.default\">\n\t\t\t\t<div class=\"elementor-widget-container\">\n\t\t\t\t\t\t\t\t\t<div class=\"elementor-button-wrapper\">\n\t\t\t\t\t<a class=\"elementor-button elementor-button-link elementor-size-sm\" href=\"https:\/\/buy.stripe.com\/7sYdR8ajp8rVgwaa2AeME17\">\n\t\t\t\t\t\t<span class=\"elementor-button-content-wrapper\">\n\t\t\t\t\t\t\t\t\t<span class=\"elementor-button-text\">Acheter<\/span>\n\t\t\t\t\t<\/span>\n\t\t\t\t\t<\/a>\n\t\t\t\t<\/div>\n\t\t\t\t\t\t\t\t<\/div>\n\t\t\t\t<\/div>\n\t\t\t\t<\/div>\n\t\t<div class=\"elementor-element elementor-element-4becd0b e-con-full e-flex e-con e-child\" data-id=\"4becd0b\" data-element_type=\"container\" data-e-type=\"container\" data-settings=\"{&quot;background_background&quot;:&quot;classic&quot;}\">\n\t\t\t\t<div class=\"elementor-element elementor-element-6fa3703 elementor-widget elementor-widget-heading\" data-id=\"6fa3703\" data-element_type=\"widget\" data-e-type=\"widget\" data-widget_type=\"heading.default\">\n\t\t\t\t<div class=\"elementor-widget-container\">\n\t\t\t\t\t<h2 class=\"elementor-heading-title elementor-size-default\">Contributeur Argent<\/h2>\t\t\t\t<\/div>\n\t\t\t\t<\/div>\n\t\t\t\t<div class=\"elementor-element elementor-element-9f054b7 elementor-widget elementor-widget-heading\" data-id=\"9f054b7\" data-element_type=\"widget\" data-e-type=\"widget\" data-widget_type=\"heading.default\">\n\t\t\t\t<div class=\"elementor-widget-container\">\n\t\t\t\t\t<h2 class=\"elementor-heading-title elementor-size-default\">1000 $ et plus<\/h2>\t\t\t\t<\/div>\n\t\t\t\t<\/div>\n\t\t\t\t<div class=\"elementor-element elementor-element-3f75fee elementor-widget elementor-widget-text-editor\" data-id=\"3f75fee\" data-element_type=\"widget\" data-e-type=\"widget\" data-widget_type=\"text-editor.default\">\n\t\t\t\t<div class=\"elementor-widget-container\">\n\t\t\t\t\t\t\t\t\t<h5 style=\"text-align: center;\"><b>Aide les \u00e9tudiants \u00e0 \u00e9largir leurs horizons et \u00e0 d\u00e9velopper leurs connaissances.<\/b><\/h5>\t\t\t\t\t\t\t\t<\/div>\n\t\t\t\t<\/div>\n\t\t\t\t<div class=\"elementor-element elementor-element-ff0c9e1 elementor-widget elementor-widget-text-editor\" data-id=\"ff0c9e1\" data-element_type=\"widget\" data-e-type=\"widget\" data-widget_type=\"text-editor.default\">\n\t\t\t\t<div class=\"elementor-widget-container\">\n\t\t\t\t\t\t\t\t\t<p style=\"text-align: center;\"><span style=\"font-weight: 400;\">Ta contribution soutient les ateliers, les sessions de formation et l&rsquo;aide au d\u00e9placement pour les \u00e9quipes participantes.<\/span><\/p>\t\t\t\t\t\t\t\t<\/div>\n\t\t\t\t<\/div>\n\t\t\t\t<div class=\"elementor-element elementor-element-07ddc6c elementor-widget elementor-widget-text-editor\" data-id=\"07ddc6c\" data-element_type=\"widget\" data-e-type=\"widget\" data-widget_type=\"text-editor.default\">\n\t\t\t\t<div class=\"elementor-widget-container\">\n\t\t\t\t\t\t\t\t\t<ul><li style=\"font-weight: 400;\" aria-level=\"1\"><b>Reconnaissance du logo<\/b><span style=\"font-weight: 400;\"> sur le site web d&rsquo;Envirothon NB et les r\u00e9seaux sociaux<\/span><\/li><li style=\"font-weight: 400;\" aria-level=\"1\"><b>Logo sur les t-shirts de l&rsquo;\u00e9v\u00e9nement<\/b><\/li><li style=\"font-weight: 400;\" aria-level=\"1\"><span style=\"font-weight: 400;\">Possibilit\u00e9 d&rsquo;<\/span><b>afficher une banni\u00e8re<\/b><span style=\"font-weight: 400;\"> lors de l&rsquo;\u00e9v\u00e9nement<\/span><\/li><li style=\"font-weight: 400;\" aria-level=\"1\"><span style=\"font-weight: 400;\">Invitation \u00e0 assister \u00e0 la comp\u00e9tition et \u00e0 <\/span><b>r\u00e9seauter avec les \u00e9ducateurs, les partenaires et les \u00e9tudiants<\/b><\/li><li style=\"font-weight: 400;\" aria-level=\"1\"><span style=\"font-weight: 400;\">Reconnaissance dans les posts de remerciement de l&rsquo;\u00e9v\u00e9nement et les bulletins d&rsquo;information<\/span><\/li><\/ul>\t\t\t\t\t\t\t\t<\/div>\n\t\t\t\t<\/div>\n\t\t\t\t<div class=\"elementor-element elementor-element-a1184cb elementor-align-center elementor-widget elementor-widget-button\" data-id=\"a1184cb\" data-element_type=\"widget\" data-e-type=\"widget\" data-widget_type=\"button.default\">\n\t\t\t\t<div class=\"elementor-widget-container\">\n\t\t\t\t\t\t\t\t\t<div class=\"elementor-button-wrapper\">\n\t\t\t\t\t<a class=\"elementor-button elementor-button-link elementor-size-sm\" href=\"https:\/\/buy.stripe.com\/8x26oGfDJgYrcfU4IgeME18\">\n\t\t\t\t\t\t<span class=\"elementor-button-content-wrapper\">\n\t\t\t\t\t\t\t\t\t<span class=\"elementor-button-text\">Acheter<\/span>\n\t\t\t\t\t<\/span>\n\t\t\t\t\t<\/a>\n\t\t\t\t<\/div>\n\t\t\t\t\t\t\t\t<\/div>\n\t\t\t\t<\/div>\n\t\t\t\t<\/div>\n\t\t<div class=\"elementor-element elementor-element-6b4bc64 e-con-full e-flex e-con e-child\" data-id=\"6b4bc64\" data-element_type=\"container\" data-e-type=\"container\" data-settings=\"{&quot;background_background&quot;:&quot;classic&quot;}\">\n\t\t\t\t<div class=\"elementor-element elementor-element-c53a648 elementor-widget elementor-widget-heading\" data-id=\"c53a648\" data-element_type=\"widget\" data-e-type=\"widget\" data-widget_type=\"heading.default\">\n\t\t\t\t<div class=\"elementor-widget-container\">\n\t\t\t\t\t<h2 class=\"elementor-heading-title elementor-size-default\">Contributeur Bronze<\/h2>\t\t\t\t<\/div>\n\t\t\t\t<\/div>\n\t\t\t\t<div class=\"elementor-element elementor-element-a46f041 elementor-widget elementor-widget-heading\" data-id=\"a46f041\" data-element_type=\"widget\" data-e-type=\"widget\" data-widget_type=\"heading.default\">\n\t\t\t\t<div class=\"elementor-widget-container\">\n\t\t\t\t\t<h2 class=\"elementor-heading-title elementor-size-default\">500 $ et plus<\/h2>\t\t\t\t<\/div>\n\t\t\t\t<\/div>\n\t\t\t\t<div class=\"elementor-element elementor-element-28ab016 elementor-widget elementor-widget-text-editor\" data-id=\"28ab016\" data-element_type=\"widget\" data-e-type=\"widget\" data-widget_type=\"text-editor.default\">\n\t\t\t\t<div class=\"elementor-widget-container\">\n\t\t\t\t\t\t\t\t\t<h5 style=\"text-align: center;\"><b>Plante les graines de l&rsquo;\u00e9ducation environnementale.<\/b><\/h5>\t\t\t\t\t\t\t\t<\/div>\n\t\t\t\t<\/div>\n\t\t\t\t<div class=\"elementor-element elementor-element-5f94327 elementor-widget elementor-widget-text-editor\" data-id=\"5f94327\" data-element_type=\"widget\" data-e-type=\"widget\" data-widget_type=\"text-editor.default\">\n\t\t\t\t<div class=\"elementor-widget-container\">\n\t\t\t\t\t\t\t\t\t<p style=\"text-align: center;\"><span style=\"font-weight: 400;\">Ta contribution aide \u00e0 fournir du mat\u00e9riel d&rsquo;\u00e9tude, des fournitures pour l&rsquo;\u00e9v\u00e9nement et des ressources \u00e9ducatives pour les \u00e9quipes d&rsquo;\u00e9tudiants.<\/span><\/p>\t\t\t\t\t\t\t\t<\/div>\n\t\t\t\t<\/div>\n\t\t\t\t<div class=\"elementor-element elementor-element-bcae3e8 elementor-widget elementor-widget-text-editor\" data-id=\"bcae3e8\" data-element_type=\"widget\" data-e-type=\"widget\" data-widget_type=\"text-editor.default\">\n\t\t\t\t<div class=\"elementor-widget-container\">\n\t\t\t\t\t\t\t\t\t<ul><li style=\"font-weight: 400;\" aria-level=\"1\"><b>Reconnaissance du logo<\/b><span style=\"font-weight: 400;\"> sur le site web d&rsquo;Envirothon NB et les r\u00e9seaux sociaux<\/span><\/li><li style=\"font-weight: 400;\" aria-level=\"1\"><span style=\"font-weight: 400;\">Reconnaissance dans les posts de remerciement de l&rsquo;\u00e9v\u00e9nement et les bulletins d&rsquo;information<\/span><\/li><\/ul>\t\t\t\t\t\t\t\t<\/div>\n\t\t\t\t<\/div>\n\t\t\t\t<div class=\"elementor-element elementor-element-3e2dbdb elementor-align-center elementor-widget elementor-widget-button\" data-id=\"3e2dbdb\" data-element_type=\"widget\" data-e-type=\"widget\" data-widget_type=\"button.default\">\n\t\t\t\t<div class=\"elementor-widget-container\">\n\t\t\t\t\t\t\t\t\t<div class=\"elementor-button-wrapper\">\n\t\t\t\t\t<a class=\"elementor-button elementor-button-link elementor-size-sm\" href=\"https:\/\/buy.stripe.com\/28E3cuezF0Zt5Rw5MkeME19\">\n\t\t\t\t\t\t<span class=\"elementor-button-content-wrapper\">\n\t\t\t\t\t\t\t\t\t<span class=\"elementor-button-text\">Acheter<\/span>\n\t\t\t\t\t<\/span>\n\t\t\t\t\t<\/a>\n\t\t\t\t<\/div>\n\t\t\t\t\t\t\t\t<\/div>\n\t\t\t\t<\/div>\n\t\t\t\t<\/div>\n\t\t\t\t\t<\/div>\n\t\t\t\t<\/div>\n\t\t<div class=\"elementor-element elementor-element-720008e e-flex e-con-boxed e-con e-parent\" data-id=\"720008e\" data-element_type=\"container\" data-e-type=\"container\">\n\t\t\t\t\t<div class=\"e-con-inner\">\n\t\t<div class=\"elementor-element elementor-element-f8c55ef e-con-full e-flex e-con e-child\" data-id=\"f8c55ef\" data-element_type=\"container\" data-e-type=\"container\">\n\t\t\t\t<div class=\"elementor-element elementor-element-bb61931 elementor-widget elementor-widget-heading\" data-id=\"bb61931\" data-element_type=\"widget\" data-e-type=\"widget\" data-widget_type=\"heading.default\">\n\t\t\t\t<div class=\"elementor-widget-container\">\n\t\t\t\t\t<h2 class=\"elementor-heading-title elementor-size-default\">Amis d'Envirothon NB<\/h2>\t\t\t\t<\/div>\n\t\t\t\t<\/div>\n\t\t\t\t<div class=\"elementor-element elementor-element-4624255 elementor-widget elementor-widget-text-editor\" data-id=\"4624255\" data-element_type=\"widget\" data-e-type=\"widget\" data-widget_type=\"text-editor.default\">\n\t\t\t\t<div class=\"elementor-widget-container\">\n\t\t\t\t\t\t\t\t\t<p style=\"text-align: center;\"><b>Les contributions en nature sont les bienvenues !<\/b><\/p>\t\t\t\t\t\t\t\t<\/div>\n\t\t\t\t<\/div>\n\t\t\t\t<div class=\"elementor-element elementor-element-e16f00c elementor-widget elementor-widget-text-editor\" data-id=\"e16f00c\" data-element_type=\"widget\" data-e-type=\"widget\" data-widget_type=\"text-editor.default\">\n\t\t\t\t<div class=\"elementor-widget-container\">\n\t\t\t\t\t\t\t\t\t<p><span style=\"font-weight: 400;\">Nous appr\u00e9cions \u00e9galement grandement le soutien non mon\u00e9taire tel que :<\/span><\/p><ul><li style=\"font-weight: 400;\" aria-level=\"1\"><span style=\"font-weight: 400;\">Fournir un <\/span><b>espace pour des ateliers ou des visites sur le terrain<\/b><\/li><li style=\"font-weight: 400;\" aria-level=\"1\"><span style=\"font-weight: 400;\">Offrir du <\/span><b>transport, des repas ou des fournitures<\/b><span style=\"font-weight: 400;\"> pour la comp\u00e9tition<\/span><\/li><li style=\"font-weight: 400;\" aria-level=\"1\"><span style=\"font-weight: 400;\">Contribuer avec de l&rsquo;<\/span><b>expertise, des pr\u00e9sentations ou des prix<\/b><span style=\"font-weight: 400;\"> pour les \u00e9quipes d&rsquo;\u00e9tudiants<\/span><\/li><\/ul><p><span style=\"font-weight: 400;\">Les partenaires en nature re\u00e7oivent une reconnaissance \u00e9quivalente au niveau de parrainage correspondant bas\u00e9 sur la valeur de leur contribution.<\/span><\/p><p><b>Chaque contribution a un impact.<\/b><span style=\"font-weight: 400;\"><br><\/span><span style=\"font-weight: 400;\">Ton soutien aide \u00e0 inspirer la curiosit\u00e9, le leadership et la gestion responsable de l&rsquo;environnement chez les jeunes \u00e0 travers le Nouveau-Brunswick.<\/span><\/p><p><b>Contribue aujourd&rsquo;hui et aide-nous \u00e0 faire grandir l&rsquo;avenir de la durabilit\u00e9.<\/b><\/p><p><span style=\"font-weight: 400;\">Pour plus d&rsquo;informations, contacte <\/span><a href=\"mailto:Becky.geneau@cwfcof.org\"><span style=\"font-weight: 400;\">Becky.geneau@cwfcof.org<\/span><\/a><span style=\"font-weight: 400;\">. <\/span> <\/p>\t\t\t\t\t\t\t\t<\/div>\n\t\t\t\t<\/div>\n\t\t\t\t<\/div>\n\t\t\t\t\t<\/div>\n\t\t\t\t<\/div>\n\t\t\t\t<\/div>\n\t\t","protected":false},"excerpt":{"rendered":"<p>Soutenez la prochaine g\u00e9n\u00e9ration de leaders environnementaux Aidons ensemble Rejoins-nous pour donner aux jeunes les moyens d&rsquo;explorer, d&rsquo;apprendre et de diriger dans le domaine des sciences de l&rsquo;environnement et de la gestion des ressources naturelles.Ta contribution aide \u00e0 offrir des opportunit\u00e9s d&rsquo;apprentissage pratique, des ateliers sur le terrain, des formations d&rsquo;\u00e9quipe et la comp\u00e9tition provinciale [&hellip;]<\/p>\n","protected":false},"author":1,"featured_media":0,"parent":0,"menu_order":0,"comment_status":"closed","ping_status":"closed","template":"","meta":{"footnotes":""},"class_list":["post-1944","page","type-page","status-publish","hentry"],"_links":{"self":[{"href":"https:\/\/envirothonnb.ca\/fr\/wp-json\/wp\/v2\/pages\/1944","targetHints":{"allow":["GET"]}}],"collection":[{"href":"https:\/\/envirothonnb.ca\/fr\/wp-json\/wp\/v2\/pages"}],"about":[{"href":"https:\/\/envirothonnb.ca\/fr\/wp-json\/wp\/v2\/types\/page"}],"author":[{"embeddable":true,"href":"https:\/\/envirothonnb.ca\/fr\/wp-json\/wp\/v2\/users\/1"}],"replies":[{"embeddable":true,"href":"https:\/\/envirothonnb.ca\/fr\/wp-json\/wp\/v2\/comments?post=1944"}],"version-history":[{"count":2,"href":"https:\/\/envirothonnb.ca\/fr\/wp-json\/wp\/v2\/pages\/1944\/revisions"}],"predecessor-version":[{"id":2174,"href":"https:\/\/envirothonnb.ca\/fr\/wp-json\/wp\/v2\/pages\/1944\/revisions\/2174"}],"wp:attachment":[{"href":"https:\/\/envirothonnb.ca\/fr\/wp-json\/wp\/v2\/media?parent=1944"}],"curies":[{"name":"wp","href":"https:\/\/api.w.org\/{rel}","templated":true}]}}