{"id":2017,"date":"2025-08-11T19:09:09","date_gmt":"2025-08-11T19:09:09","guid":{"rendered":"https:\/\/envirothonnb.ca\/formulaire-du-conseiller\/"},"modified":"2025-11-11T14:59:51","modified_gmt":"2025-11-11T14:59:51","slug":"formulaire-du-conseiller","status":"publish","type":"page","link":"https:\/\/envirothonnb.ca\/fr\/formulaire-du-conseiller\/","title":{"rendered":"Formulaire du conseiller"},"content":{"rendered":"\t\t<div data-elementor-type=\"wp-page\" data-elementor-id=\"2017\" class=\"elementor elementor-2017 elementor-982\" data-elementor-post-type=\"page\">\n\t\t\t\t\t\t<section class=\"elementor-section elementor-top-section elementor-element elementor-element-751dbe52 elementor-section-boxed elementor-section-height-default elementor-section-height-default\" data-id=\"751dbe52\" data-element_type=\"section\" data-e-type=\"section\" data-settings=\"{&quot;background_background&quot;:&quot;slideshow&quot;,&quot;background_slideshow_gallery&quot;:[{&quot;id&quot;:1911,&quot;url&quot;:&quot;https:\\\/\\\/envirothonnb.ca\\\/wp-content\\\/uploads\\\/2025\\\/06\\\/54501152996_db7382598f_c.jpg&quot;},{&quot;id&quot;:1912,&quot;url&quot;:&quot;https:\\\/\\\/envirothonnb.ca\\\/wp-content\\\/uploads\\\/2025\\\/06\\\/54570220372_721c9276b9_c.jpg&quot;},{&quot;id&quot;:1913,&quot;url&quot;:&quot;https:\\\/\\\/envirothonnb.ca\\\/wp-content\\\/uploads\\\/2025\\\/06\\\/54571086896_cd5958704b_c-e1749226920486.jpg&quot;},{&quot;id&quot;:1914,&quot;url&quot;:&quot;https:\\\/\\\/envirothonnb.ca\\\/wp-content\\\/uploads\\\/2025\\\/06\\\/54571414360_d4497e26b2_c-e1749226987816.jpg&quot;}],&quot;background_slideshow_ken_burns&quot;:&quot;yes&quot;,&quot;background_slideshow_slide_duration&quot;:7000,&quot;background_slideshow_lazyload&quot;:&quot;yes&quot;,&quot;background_slideshow_loop&quot;:&quot;yes&quot;,&quot;background_slideshow_slide_transition&quot;:&quot;fade&quot;,&quot;background_slideshow_transition_duration&quot;:500,&quot;background_slideshow_ken_burns_zoom_direction&quot;:&quot;in&quot;}\">\n\t\t\t\t\t\t\t<div class=\"elementor-background-overlay\"><\/div>\n\t\t\t\t\t\t\t<div class=\"elementor-container elementor-column-gap-no\">\n\t\t\t\t\t<div class=\"elementor-column elementor-col-100 elementor-top-column elementor-element elementor-element-19480a5a\" data-id=\"19480a5a\" data-element_type=\"column\" data-e-type=\"column\">\n\t\t\t<div class=\"elementor-widget-wrap elementor-element-populated\">\n\t\t\t\t\t\t<div class=\"elementor-element elementor-element-9e1aa22 elementor-invisible elementor-widget elementor-widget-heading\" data-id=\"9e1aa22\" data-element_type=\"widget\" data-e-type=\"widget\" data-settings=\"{&quot;_animation&quot;:&quot;fadeInDown&quot;}\" data-widget_type=\"heading.default\">\n\t\t\t\t<div class=\"elementor-widget-container\">\n\t\t\t\t\t<h2 class=\"elementor-heading-title elementor-size-default\">FORMULAIRE D'INSCRIPTION DES CONSEILLERS \/ B\u00c9N\u00c9VOLES<\/h2>\t\t\t\t<\/div>\n\t\t\t\t<\/div>\n\t\t\t\t<div class=\"elementor-element elementor-element-37d9dd5 elementor-widget elementor-widget-text-editor\" data-id=\"37d9dd5\" data-element_type=\"widget\" data-e-type=\"widget\" data-widget_type=\"text-editor.default\">\n\t\t\t\t<div class=\"elementor-widget-container\">\n\t\t\t\t\t\t\t\t\t<div class=\"ahS2Le\"><div class=\"F9yp7e ikZYwf LgNcQe\" dir=\"auto\" role=\"heading\" aria-level=\"1\">(Accompagnateur, enseignant et b\u00e9n\u00e9vole)<\/div><div dir=\"auto\" role=\"heading\" aria-level=\"1\"> <\/div><\/div><div class=\"cBGGJ OIC90c\" dir=\"auto\"><p>Ces informations sont destin\u00e9es uniquement aux organisateurs d&rsquo;Envirothon NB ; elles ne seront partag\u00e9es avec d&rsquo;autres parties qu&rsquo;en cas de besoins m\u00e9dicaux ou alimentaires.<\/p><\/div>\t\t\t\t\t\t\t\t<\/div>\n\t\t\t\t<\/div>\n\t\t\t\t\t<\/div>\n\t\t<\/div>\n\t\t\t\t\t<\/div>\n\t\t<\/section>\n\t\t<div class=\"elementor-element elementor-element-657dd36 e-flex e-con-boxed e-con e-parent\" data-id=\"657dd36\" data-element_type=\"container\" data-e-type=\"container\">\n\t\t\t\t\t<div class=\"e-con-inner\">\n\t\t\t\t<div class=\"elementor-element elementor-element-a091e83 elementor-widget elementor-widget-html\" data-id=\"a091e83\" data-element_type=\"widget\" data-e-type=\"widget\" data-widget_type=\"html.default\">\n\t\t\t\t<div class=\"elementor-widget-container\">\n\t\t\t\t\t    <iframe id=\"JotFormIFrame-252225671090250\" title=\"Envirothon NB 2025 - Formulaire d'inscription des conseillers (accompagnateurs, enseignants et b\u00e9n\u00e9voles) \/ Advisor (chaperone, teacher and volunteer) Registration Form\" onload=\"window.parent.scrollTo(0,0)\" allowtransparency=\"true\" allow=\"geolocation; microphone; camera; fullscreen; payment\" src=\"https:\/\/form.jotform.com\/252225671090250\" frameborder=\"0\" style=\"min-width:100%;max-width:100%;height:690px;border:none;\" scrolling=\"no\">\r\n    <\/iframe>\r\n    <script src=\"https:\/\/cdn.jotfor.ms\/s\/umd\/latest\/for-form-embed-handler.js\"><\/script>\r\n    <script>window.jotformEmbedHandler(\"iframe[id='JotFormIFrame-252225671090250']\", \"https:\/\/form.jotform.com\/\")<\/script>\r\n    \t\t\t\t<\/div>\n\t\t\t\t<\/div>\n\t\t\t\t\t<\/div>\n\t\t\t\t<\/div>\n\t\t\t\t<\/div>\n\t\t","protected":false},"excerpt":{"rendered":"<p>FORMULAIRE D&rsquo;INSCRIPTION DES CONSEILLERS \/ B\u00c9N\u00c9VOLES (Accompagnateur, enseignant et b\u00e9n\u00e9vole) Ces informations sont destin\u00e9es uniquement aux organisateurs d&rsquo;Envirothon NB ; elles ne seront partag\u00e9es avec d&rsquo;autres parties qu&rsquo;en cas de besoins m\u00e9dicaux ou alimentaires.<\/p>\n","protected":false},"author":1,"featured_media":0,"parent":0,"menu_order":0,"comment_status":"closed","ping_status":"closed","template":"","meta":{"footnotes":""},"class_list":["post-2017","page","type-page","status-publish","hentry"],"_links":{"self":[{"href":"https:\/\/envirothonnb.ca\/fr\/wp-json\/wp\/v2\/pages\/2017","targetHints":{"allow":["GET"]}}],"collection":[{"href":"https:\/\/envirothonnb.ca\/fr\/wp-json\/wp\/v2\/pages"}],"about":[{"href":"https:\/\/envirothonnb.ca\/fr\/wp-json\/wp\/v2\/types\/page"}],"author":[{"embeddable":true,"href":"https:\/\/envirothonnb.ca\/fr\/wp-json\/wp\/v2\/users\/1"}],"replies":[{"embeddable":true,"href":"https:\/\/envirothonnb.ca\/fr\/wp-json\/wp\/v2\/comments?post=2017"}],"version-history":[{"count":1,"href":"https:\/\/envirothonnb.ca\/fr\/wp-json\/wp\/v2\/pages\/2017\/revisions"}],"predecessor-version":[{"id":2018,"href":"https:\/\/envirothonnb.ca\/fr\/wp-json\/wp\/v2\/pages\/2017\/revisions\/2018"}],"wp:attachment":[{"href":"https:\/\/envirothonnb.ca\/fr\/wp-json\/wp\/v2\/media?parent=2017"}],"curies":[{"name":"wp","href":"https:\/\/api.w.org\/{rel}","templated":true}]}}