{"id":2031,"date":"2025-10-27T16:15:16","date_gmt":"2025-10-27T16:15:16","guid":{"rendered":"https:\/\/envirothonnb.ca\/faune\/"},"modified":"2026-02-05T17:49:58","modified_gmt":"2026-02-05T17:49:58","slug":"faune","status":"publish","type":"page","link":"https:\/\/envirothonnb.ca\/fr\/faune\/","title":{"rendered":"Faune"},"content":{"rendered":"\t\t<div data-elementor-type=\"wp-page\" data-elementor-id=\"2031\" class=\"elementor elementor-2031 elementor-1434\" data-elementor-post-type=\"page\">\n\t\t\t\t\t\t<section class=\"elementor-section elementor-top-section elementor-element elementor-element-2e17763f elementor-section-boxed elementor-section-height-default elementor-section-height-default\" data-id=\"2e17763f\" data-element_type=\"section\" data-e-type=\"section\" data-settings=\"{&quot;background_background&quot;:&quot;classic&quot;}\">\n\t\t\t\t\t\t\t<div class=\"elementor-background-overlay\"><\/div>\n\t\t\t\t\t\t\t<div class=\"elementor-container elementor-column-gap-no\">\n\t\t\t\t\t<div class=\"elementor-column elementor-col-100 elementor-top-column elementor-element elementor-element-121f6f94\" data-id=\"121f6f94\" data-element_type=\"column\" data-e-type=\"column\">\n\t\t\t<div class=\"elementor-widget-wrap elementor-element-populated\">\n\t\t\t\t\t\t<div class=\"elementor-element elementor-element-5a2811a2 elementor-invisible elementor-widget elementor-widget-heading\" data-id=\"5a2811a2\" data-element_type=\"widget\" data-e-type=\"widget\" data-settings=\"{&quot;_animation&quot;:&quot;fadeInDown&quot;}\" data-widget_type=\"heading.default\">\n\t\t\t\t<div class=\"elementor-widget-container\">\n\t\t\t\t\t<h2 class=\"elementor-heading-title elementor-size-default\">Faune<\/h2>\t\t\t\t<\/div>\n\t\t\t\t<\/div>\n\t\t\t\t\t<\/div>\n\t\t<\/div>\n\t\t\t\t\t<\/div>\n\t\t<\/section>\n\t\t\t\t<section class=\"elementor-section elementor-top-section elementor-element elementor-element-2fc46cf7 elementor-section-boxed elementor-section-height-default elementor-section-height-default\" data-id=\"2fc46cf7\" data-element_type=\"section\" data-e-type=\"section\">\n\t\t\t\t\t\t<div class=\"elementor-container elementor-column-gap-no\">\n\t\t\t\t\t<div class=\"elementor-column elementor-col-50 elementor-top-column elementor-element elementor-element-1b64ecec\" data-id=\"1b64ecec\" data-element_type=\"column\" data-e-type=\"column\">\n\t\t\t<div class=\"elementor-widget-wrap elementor-element-populated\">\n\t\t\t\t\t\t<div class=\"elementor-element elementor-element-2e47b623 elementor-widget elementor-widget-heading\" data-id=\"2e47b623\" data-element_type=\"widget\" data-e-type=\"widget\" data-widget_type=\"heading.default\">\n\t\t\t\t<div class=\"elementor-widget-container\">\n\t\t\t\t\t<h2 class=\"elementor-heading-title elementor-size-default\">Des ours noirs et orignaux aux oiseaux chanteurs, grenouilles et pollinisateurs, le Nouveau-Brunswick abrite une grande vari\u00e9t\u00e9 d'esp\u00e8ces sauvages. Chaque esp\u00e8ce \u2014 grande ou petite \u2014 joue un r\u00f4le important pour maintenir nos \u00e9cosyst\u00e8mes \u00e9quilibr\u00e9s et en sant\u00e9. Que ce soit dans les for\u00eats, les milieux humides ou m\u00eame dans ta propre cour, la faune d\u00e9pend de quatre besoins de base : la nourriture, l'eau, l'abri et l'espace.<\/h2>\t\t\t\t<\/div>\n\t\t\t\t<\/div>\n\t\t\t\t<div class=\"elementor-element elementor-element-7776e617 elementor-widget elementor-widget-text-editor\" data-id=\"7776e617\" data-element_type=\"widget\" data-e-type=\"widget\" data-widget_type=\"text-editor.default\">\n\t\t\t\t<div class=\"elementor-widget-container\">\n\t\t\t\t\t\t\t\t\t<p><span style=\"font-weight: 400;\">Conserver les esp\u00e8ces locales est tout aussi important que prot\u00e9ger les animaux du monde entier. En comprenant comment la faune interagit avec son habitat, nous pouvons faire des choix qui r\u00e9duisent les impacts n\u00e9gatifs et aident les esp\u00e8ces \u00e0 prosp\u00e9rer.<\/span><\/p>\t\t\t\t\t\t\t\t<\/div>\n\t\t\t\t<\/div>\n\t\t\t\t\t<\/div>\n\t\t<\/div>\n\t\t\t\t<div class=\"elementor-column elementor-col-50 elementor-top-column elementor-element elementor-element-21d5861e\" data-id=\"21d5861e\" data-element_type=\"column\" data-e-type=\"column\">\n\t\t\t<div class=\"elementor-widget-wrap elementor-element-populated\">\n\t\t\t\t\t\t<div class=\"elementor-element elementor-element-13289655 elementor-invisible elementor-widget elementor-widget-image\" data-id=\"13289655\" data-element_type=\"widget\" data-e-type=\"widget\" data-settings=\"{&quot;_animation&quot;:&quot;fadeInRight&quot;}\" data-widget_type=\"image.default\">\n\t\t\t\t<div class=\"elementor-widget-container\">\n\t\t\t\t\t\t\t\t\t\t\t\t\t\t\t<img fetchpriority=\"high\" decoding=\"async\" width=\"800\" height=\"600\" src=\"https:\/\/envirothonnb.ca\/wp-content\/uploads\/2025\/06\/54341881256_7e2a95b481_c.jpg\" class=\"attachment-full size-full wp-image-2034\" alt=\"\" srcset=\"https:\/\/envirothonnb.ca\/wp-content\/uploads\/2025\/06\/54341881256_7e2a95b481_c.jpg 800w, https:\/\/envirothonnb.ca\/wp-content\/uploads\/2025\/06\/54341881256_7e2a95b481_c-300x225.jpg 300w, https:\/\/envirothonnb.ca\/wp-content\/uploads\/2025\/06\/54341881256_7e2a95b481_c-768x576.jpg 768w\" sizes=\"(max-width: 800px) 100vw, 800px\" \/>\t\t\t\t\t\t\t\t\t\t\t\t\t\t\t<\/div>\n\t\t\t\t<\/div>\n\t\t\t\t<div class=\"elementor-element elementor-element-74c1d954 elementor-widget__width-initial elementor-absolute elementor-invisible elementor-widget elementor-widget-image\" data-id=\"74c1d954\" data-element_type=\"widget\" data-e-type=\"widget\" data-settings=\"{&quot;_position&quot;:&quot;absolute&quot;,&quot;_animation&quot;:&quot;fadeInUp&quot;}\" data-widget_type=\"image.default\">\n\t\t\t\t<div class=\"elementor-widget-container\">\n\t\t\t\t\t\t\t\t\t\t\t\t\t\t\t<img decoding=\"async\" width=\"800\" height=\"600\" src=\"https:\/\/envirothonnb.ca\/wp-content\/uploads\/2025\/06\/54501339079_6553e2e356_c-1.jpg\" class=\"attachment-full size-full wp-image-2035\" alt=\"\" srcset=\"https:\/\/envirothonnb.ca\/wp-content\/uploads\/2025\/06\/54501339079_6553e2e356_c-1.jpg 800w, https:\/\/envirothonnb.ca\/wp-content\/uploads\/2025\/06\/54501339079_6553e2e356_c-1-300x225.jpg 300w, https:\/\/envirothonnb.ca\/wp-content\/uploads\/2025\/06\/54501339079_6553e2e356_c-1-768x576.jpg 768w\" sizes=\"(max-width: 800px) 100vw, 800px\" \/>\t\t\t\t\t\t\t\t\t\t\t\t\t\t\t<\/div>\n\t\t\t\t<\/div>\n\t\t\t\t\t<\/div>\n\t\t<\/div>\n\t\t\t\t\t<\/div>\n\t\t<\/section>\n\t\t\t\t<section class=\"elementor-section elementor-top-section elementor-element elementor-element-d4b8936 elementor-section-boxed elementor-section-height-default elementor-section-height-default\" data-id=\"d4b8936\" data-element_type=\"section\" data-e-type=\"section\" data-settings=\"{&quot;background_background&quot;:&quot;classic&quot;}\">\n\t\t\t\t\t\t<div class=\"elementor-container elementor-column-gap-no\">\n\t\t\t\t\t<div class=\"elementor-column elementor-col-100 elementor-top-column elementor-element elementor-element-71951eaa\" data-id=\"71951eaa\" data-element_type=\"column\" data-e-type=\"column\">\n\t\t\t<div class=\"elementor-widget-wrap elementor-element-populated\">\n\t\t\t\t\t\t<section class=\"elementor-section elementor-inner-section elementor-element elementor-element-612eb6c6 elementor-section-boxed elementor-section-height-default elementor-section-height-default\" data-id=\"612eb6c6\" data-element_type=\"section\" data-e-type=\"section\">\n\t\t\t\t\t\t<div class=\"elementor-container elementor-column-gap-default\">\n\t\t\t\t\t<div class=\"elementor-column elementor-col-50 elementor-inner-column elementor-element elementor-element-6beba7a1\" data-id=\"6beba7a1\" data-element_type=\"column\" data-e-type=\"column\">\n\t\t\t<div class=\"elementor-widget-wrap elementor-element-populated\">\n\t\t\t\t\t\t<div class=\"elementor-element elementor-element-5a145657 elementor-invisible elementor-widget elementor-widget-heading\" data-id=\"5a145657\" data-element_type=\"widget\" data-e-type=\"widget\" data-settings=\"{&quot;_animation&quot;:&quot;fadeInLeft&quot;}\" data-widget_type=\"heading.default\">\n\t\t\t\t<div class=\"elementor-widget-container\">\n\t\t\t\t\t<h2 class=\"elementor-heading-title elementor-size-default\">Ce que disent les participants<\/h2>\t\t\t\t<\/div>\n\t\t\t\t<\/div>\n\t\t\t\t<div class=\"elementor-element elementor-element-3c93a905 elementor-widget-divider--view-line elementor-invisible elementor-widget elementor-widget-divider\" data-id=\"3c93a905\" data-element_type=\"widget\" data-e-type=\"widget\" data-settings=\"{&quot;_animation&quot;:&quot;fadeInRight&quot;}\" data-widget_type=\"divider.default\">\n\t\t\t\t<div class=\"elementor-widget-container\">\n\t\t\t\t\t\t\t<div class=\"elementor-divider\">\n\t\t\t<span class=\"elementor-divider-separator\">\n\t\t\t\t\t\t<\/span>\n\t\t<\/div>\n\t\t\t\t\t\t<\/div>\n\t\t\t\t<\/div>\n\t\t\t\t\t<\/div>\n\t\t<\/div>\n\t\t\t\t<div class=\"elementor-column elementor-col-50 elementor-inner-column elementor-element elementor-element-4231fff6 elementor-invisible\" data-id=\"4231fff6\" data-element_type=\"column\" data-e-type=\"column\" data-settings=\"{&quot;animation&quot;:&quot;fadeInUp&quot;}\">\n\t\t\t<div class=\"elementor-widget-wrap elementor-element-populated\">\n\t\t\t\t\t\t<div class=\"elementor-element elementor-element-7e0b4567 elementor-widget elementor-widget-text-editor\" data-id=\"7e0b4567\" data-element_type=\"widget\" data-e-type=\"widget\" data-widget_type=\"text-editor.default\">\n\t\t\t\t<div class=\"elementor-widget-container\">\n\t\t\t\t\t\t\t\t\t<h4>Tu es curieux de savoir ce que c&rsquo;est vraiment de faire partie d&rsquo;Envirothon NB ? <\/h4><h4>D\u00e9couvre ce que disent les \u00e9tudiants et les enseignants.<\/h4>\t\t\t\t\t\t\t\t<\/div>\n\t\t\t\t<\/div>\n\t\t\t\t\t<\/div>\n\t\t<\/div>\n\t\t\t\t\t<\/div>\n\t\t<\/section>\n\t\t\t\t<section class=\"elementor-section elementor-inner-section elementor-element elementor-element-75b295a9 elementor-section-full_width elementor-section-height-default elementor-section-height-default\" data-id=\"75b295a9\" data-element_type=\"section\" data-e-type=\"section\">\n\t\t\t\t\t\t<div class=\"elementor-container elementor-column-gap-default\">\n\t\t\t\t\t<div class=\"elementor-column elementor-col-33 elementor-inner-column elementor-element elementor-element-35462770 elementor-invisible\" data-id=\"35462770\" data-element_type=\"column\" data-e-type=\"column\" data-settings=\"{&quot;animation&quot;:&quot;fadeInUp&quot;,&quot;background_background&quot;:&quot;classic&quot;}\">\n\t\t\t<div class=\"elementor-widget-wrap elementor-element-populated\">\n\t\t\t\t\t\t<div class=\"elementor-element elementor-element-27c74186 elementor-widget elementor-widget-text-editor\" data-id=\"27c74186\" data-element_type=\"widget\" data-e-type=\"widget\" data-widget_type=\"text-editor.default\">\n\t\t\t\t<div class=\"elementor-widget-container\">\n\t\t\t\t\t\t\t\t\t<p><em><span style=\"font-weight: 400;\"> \u00ab J&rsquo;ai ador\u00e9 collaborer avec mes pairs. \u00bb \u2014 \u00c9tudiant de 11e ann\u00e9e <\/span><\/em><\/p>\t\t\t\t\t\t\t\t<\/div>\n\t\t\t\t<\/div>\n\t\t\t\t\t<\/div>\n\t\t<\/div>\n\t\t\t\t<div class=\"elementor-column elementor-col-33 elementor-inner-column elementor-element elementor-element-2af5134f elementor-invisible\" data-id=\"2af5134f\" data-element_type=\"column\" data-e-type=\"column\" data-settings=\"{&quot;animation&quot;:&quot;fadeInUp&quot;,&quot;animation_delay&quot;:240,&quot;background_background&quot;:&quot;classic&quot;}\">\n\t\t\t<div class=\"elementor-widget-wrap elementor-element-populated\">\n\t\t\t\t\t\t<div class=\"elementor-element elementor-element-69d3405 elementor-widget elementor-widget-text-editor\" data-id=\"69d3405\" data-element_type=\"widget\" data-e-type=\"widget\" data-widget_type=\"text-editor.default\">\n\t\t\t\t<div class=\"elementor-widget-container\">\n\t\t\t\t\t\t\t\t\t<p><em><span style=\"font-weight: 400;\"> \u00ab Les ateliers sont une exp\u00e9rience d&rsquo;apprentissage pratique si merveilleuse pour les \u00e9tudiants. La comp\u00e9tition elle-m\u00eame est un excellent aboutissement de l&rsquo;apprentissage tout au long de l&rsquo;ann\u00e9e. Mon pr\u00e9f\u00e9r\u00e9 \u00e9tait l&rsquo;atelier sur la faune organis\u00e9 par Canards Illimit\u00e9s. \u00bb \u2014 Conseiller d&rsquo;\u00e9quipe <\/span><\/em><\/p>\t\t\t\t\t\t\t\t<\/div>\n\t\t\t\t<\/div>\n\t\t\t\t\t<\/div>\n\t\t<\/div>\n\t\t\t\t<div class=\"elementor-column elementor-col-33 elementor-inner-column elementor-element elementor-element-5cf29382 elementor-invisible\" data-id=\"5cf29382\" data-element_type=\"column\" data-e-type=\"column\" data-settings=\"{&quot;animation&quot;:&quot;fadeInUp&quot;,&quot;animation_delay&quot;:480,&quot;background_background&quot;:&quot;classic&quot;}\">\n\t\t\t<div class=\"elementor-widget-wrap elementor-element-populated\">\n\t\t\t\t\t\t<div class=\"elementor-element elementor-element-656ee70d elementor-widget__width-initial elementor-widget elementor-widget-text-editor\" data-id=\"656ee70d\" data-element_type=\"widget\" data-e-type=\"widget\" data-widget_type=\"text-editor.default\">\n\t\t\t\t<div class=\"elementor-widget-container\">\n\t\t\t\t\t\t\t\t\t<p><em><span style=\"font-weight: 400;\">\u00ab J&rsquo;adore apprendre sur l&rsquo;environnement ! \u00bb \u2014 \u00c9tudiant de 10e ann\u00e9e <\/span><\/em><\/p>\t\t\t\t\t\t\t\t<\/div>\n\t\t\t\t<\/div>\n\t\t\t\t\t<\/div>\n\t\t<\/div>\n\t\t\t\t\t<\/div>\n\t\t<\/section>\n\t\t\t\t\t<\/div>\n\t\t<\/div>\n\t\t\t\t\t<\/div>\n\t\t<\/section>\n\t\t\t\t<section class=\"elementor-section elementor-top-section elementor-element elementor-element-231df263 elementor-section-boxed elementor-section-height-default elementor-section-height-default\" data-id=\"231df263\" data-element_type=\"section\" data-e-type=\"section\" data-settings=\"{&quot;background_background&quot;:&quot;classic&quot;}\">\n\t\t\t\t\t\t\t<div class=\"elementor-background-overlay\"><\/div>\n\t\t\t\t\t\t\t<div class=\"elementor-container elementor-column-gap-no\">\n\t\t\t\t\t<div class=\"elementor-column elementor-col-100 elementor-top-column elementor-element elementor-element-547d176c\" data-id=\"547d176c\" data-element_type=\"column\" data-e-type=\"column\">\n\t\t\t<div class=\"elementor-widget-wrap elementor-element-populated\">\n\t\t\t\t\t\t<section class=\"elementor-section elementor-inner-section elementor-element elementor-element-2170ff43 elementor-section-boxed elementor-section-height-default elementor-section-height-default elementor-invisible\" data-id=\"2170ff43\" data-element_type=\"section\" data-e-type=\"section\" data-settings=\"{&quot;animation&quot;:&quot;fadeInUp&quot;}\">\n\t\t\t\t\t\t<div class=\"elementor-container elementor-column-gap-no\">\n\t\t\t\t\t<div class=\"elementor-column elementor-col-100 elementor-inner-column elementor-element elementor-element-e75d0db\" data-id=\"e75d0db\" data-element_type=\"column\" data-e-type=\"column\">\n\t\t\t<div class=\"elementor-widget-wrap elementor-element-populated\">\n\t\t\t\t\t\t\t<\/div>\n\t\t<\/div>\n\t\t\t\t\t<\/div>\n\t\t<\/section>\n\t\t\t\t<div class=\"elementor-element elementor-element-838a233 elementor-widget elementor-widget-text-editor\" data-id=\"838a233\" data-element_type=\"widget\" data-e-type=\"widget\" data-widget_type=\"text-editor.default\">\n\t\t\t\t<div class=\"elementor-widget-container\">\n\t\t\t\t\t\t\t\t\t<p><span style=\"font-weight: 400;\">Les \u00e9tudiants exploreront <strong>l&rsquo;\u00e9cologie de la faune, l&rsquo;identification des esp\u00e8ces<\/strong> et <strong>les interactions humain-faune<\/strong>. Ils apprendront aussi sur <strong>la gestion de l&rsquo;habitat<\/strong> et <strong>les pratiques de conservation<\/strong> qui soutiennent <strong>la biodiversit\u00e9<\/strong> et <strong>prot\u00e8gent<\/strong> le <strong>patrimoine naturel<\/strong> du Nouveau-Brunswick.<\/span><\/p>\t\t\t\t\t\t\t\t<\/div>\n\t\t\t\t<\/div>\n\t\t\t\t\t<\/div>\n\t\t<\/div>\n\t\t\t\t\t<\/div>\n\t\t<\/section>\n\t\t\t\t<section class=\"elementor-section elementor-top-section elementor-element elementor-element-5e9459dc elementor-section-boxed elementor-section-height-default elementor-section-height-default\" data-id=\"5e9459dc\" data-element_type=\"section\" data-e-type=\"section\">\n\t\t\t\t\t\t<div class=\"elementor-container elementor-column-gap-no\">\n\t\t\t\t\t<div class=\"elementor-column elementor-col-100 elementor-top-column elementor-element elementor-element-2fcd8cb3\" data-id=\"2fcd8cb3\" data-element_type=\"column\" data-e-type=\"column\">\n\t\t\t<div class=\"elementor-widget-wrap elementor-element-populated\">\n\t\t\t\t\t\t<section class=\"elementor-section elementor-inner-section elementor-element elementor-element-24d133b4 elementor-section-full_width elementor-section-height-default elementor-section-height-default elementor-invisible\" data-id=\"24d133b4\" data-element_type=\"section\" data-e-type=\"section\" data-settings=\"{&quot;animation&quot;:&quot;fadeInUp&quot;}\">\n\t\t\t\t\t\t<div class=\"elementor-container elementor-column-gap-default\">\n\t\t\t\t\t<div class=\"elementor-column elementor-col-50 elementor-inner-column elementor-element elementor-element-7c359171 elementor-invisible\" data-id=\"7c359171\" data-element_type=\"column\" data-e-type=\"column\" data-settings=\"{&quot;animation&quot;:&quot;fadeInLeft&quot;}\">\n\t\t\t<div class=\"elementor-widget-wrap elementor-element-populated\">\n\t\t\t\t\t\t<div class=\"elementor-element elementor-element-336c52da elementor-cta--skin-classic elementor-animated-content elementor-bg-transform elementor-bg-transform-zoom-in elementor-widget elementor-widget-call-to-action\" data-id=\"336c52da\" data-element_type=\"widget\" data-e-type=\"widget\" data-widget_type=\"call-to-action.default\">\n\t\t\t\t<div class=\"elementor-widget-container\">\n\t\t\t\t\t\t\t<div class=\"elementor-cta\">\n\t\t\t\t\t<div class=\"elementor-cta__bg-wrapper\">\n\t\t\t\t<div class=\"elementor-cta__bg elementor-bg\" style=\"background-image: url(https:\/\/envirothonnb.ca\/wp-content\/uploads\/2026\/02\/IMG_7499-e1770313789807.jpg);\" role=\"img\" aria-label=\"IMG_7499\"><\/div>\n\t\t\t\t<div class=\"elementor-cta__bg-overlay\"><\/div>\n\t\t\t<\/div>\n\t\t\t\t\t\t\t<div class=\"elementor-cta__content\">\n\t\t\t\t\n\t\t\t\t\t\t\t\t\t<h2 class=\"elementor-cta__title elementor-cta__content-item elementor-content-item\">\n\t\t\t\t\t\tObjectifs d'apprentissage\t\t\t\t\t<\/h2>\n\t\t\t\t\n\t\t\t\t\t\t\t\t\t<div class=\"elementor-cta__description elementor-cta__content-item elementor-content-item\">\n\t\t\t\t\t\tLe but principal des objectifs d'apprentissage est de d\u00e9finir les comp\u00e9tences et les connaissances n\u00e9cessaires pour r\u00e9ussir lors de la comp\u00e9tition provinciale annuelle d'Envirothon NB.\t\t\t\t\t<\/div>\n\t\t\t\t\n\t\t\t\t\t\t\t\t\t<div class=\"elementor-cta__button-wrapper elementor-cta__content-item elementor-content-item \">\n\t\t\t\t\t<a class=\"elementor-cta__button elementor-button elementor-size-\" href=\"https:\/\/envirothonnb.ca\/wp-content\/uploads\/2025\/10\/Wildlife-Learning-Objectives.pdf\">\n\t\t\t\t\t\tEn savoir plus\t\t\t\t\t<\/a>\n\t\t\t\t\t<\/div>\n\t\t\t\t\t\t\t<\/div>\n\t\t\t\t\t\t<\/div>\n\t\t\t\t\t\t<\/div>\n\t\t\t\t<\/div>\n\t\t\t\t\t<\/div>\n\t\t<\/div>\n\t\t\t\t<div class=\"elementor-column elementor-col-50 elementor-inner-column elementor-element elementor-element-1a9e9fd8\" data-id=\"1a9e9fd8\" data-element_type=\"column\" data-e-type=\"column\">\n\t\t\t<div class=\"elementor-widget-wrap elementor-element-populated\">\n\t\t\t\t\t\t<div class=\"elementor-element elementor-element-5309e59f elementor-cta--skin-classic elementor-animated-content elementor-bg-transform elementor-bg-transform-zoom-in elementor-widget elementor-widget-call-to-action\" data-id=\"5309e59f\" data-element_type=\"widget\" data-e-type=\"widget\" data-widget_type=\"call-to-action.default\">\n\t\t\t\t<div class=\"elementor-widget-container\">\n\t\t\t\t\t\t\t<div class=\"elementor-cta\">\n\t\t\t\t\t<div class=\"elementor-cta__bg-wrapper\">\n\t\t\t\t<div class=\"elementor-cta__bg elementor-bg\" style=\"background-image: url(https:\/\/envirothonnb.ca\/wp-content\/uploads\/2026\/02\/IMG_9244-e1770313261992.jpeg);\" role=\"img\" aria-label=\"IMG_9244\"><\/div>\n\t\t\t\t<div class=\"elementor-cta__bg-overlay\"><\/div>\n\t\t\t<\/div>\n\t\t\t\t\t\t\t<div class=\"elementor-cta__content\">\n\t\t\t\t\n\t\t\t\t\t\t\t\t\t<h2 class=\"elementor-cta__title elementor-cta__content-item elementor-content-item\">\n\t\t\t\t\t\tGuide d'\u00e9tude\t\t\t\t\t<\/h2>\n\t\t\t\t\n\t\t\t\t\t\t\t\t\t<div class=\"elementor-cta__description elementor-cta__content-item elementor-content-item\">\n\t\t\t\t\t\tLe guide d'\u00e9tude comprend des sujets cl\u00e9s et des ressources d'\u00e9tude directement li\u00e9s au sujet. Il contient des connaissances g\u00e9n\u00e9rales ainsi que des ressources d'une perspective provinciale, nationale ou mondiale. \t\t\t\t\t<\/div>\n\t\t\t\t\n\t\t\t\t\t\t\t\t\t<div class=\"elementor-cta__button-wrapper elementor-cta__content-item elementor-content-item \">\n\t\t\t\t\t<a class=\"elementor-cta__button elementor-button elementor-size-\" href=\"https:\/\/envirothonnb.ca\/wp-content\/uploads\/2025\/10\/Wildlife-Study-Guide-.pdf\">\n\t\t\t\t\t\tEn savoir plus\t\t\t\t\t<\/a>\n\t\t\t\t\t<\/div>\n\t\t\t\t\t\t\t<\/div>\n\t\t\t\t\t\t<\/div>\n\t\t\t\t\t\t<\/div>\n\t\t\t\t<\/div>\n\t\t\t\t\t<\/div>\n\t\t<\/div>\n\t\t\t\t\t<\/div>\n\t\t<\/section>\n\t\t\t\t\t<\/div>\n\t\t<\/div>\n\t\t\t\t\t<\/div>\n\t\t<\/section>\n\t\t\t\t<\/div>\n\t\t","protected":false},"excerpt":{"rendered":"<p>Faune Des ours noirs et orignaux aux oiseaux chanteurs, grenouilles et pollinisateurs, le Nouveau-Brunswick abrite une grande vari\u00e9t\u00e9 d&rsquo;esp\u00e8ces sauvages. Chaque esp\u00e8ce \u2014 grande ou petite \u2014 joue un r\u00f4le important pour maintenir nos \u00e9cosyst\u00e8mes \u00e9quilibr\u00e9s et en sant\u00e9. Que ce soit dans les for\u00eats, les milieux humides ou m\u00eame dans ta propre cour, la [&hellip;]<\/p>\n","protected":false},"author":1,"featured_media":0,"parent":0,"menu_order":0,"comment_status":"closed","ping_status":"closed","template":"","meta":{"footnotes":""},"class_list":["post-2031","page","type-page","status-publish","hentry"],"_links":{"self":[{"href":"https:\/\/envirothonnb.ca\/fr\/wp-json\/wp\/v2\/pages\/2031","targetHints":{"allow":["GET"]}}],"collection":[{"href":"https:\/\/envirothonnb.ca\/fr\/wp-json\/wp\/v2\/pages"}],"about":[{"href":"https:\/\/envirothonnb.ca\/fr\/wp-json\/wp\/v2\/types\/page"}],"author":[{"embeddable":true,"href":"https:\/\/envirothonnb.ca\/fr\/wp-json\/wp\/v2\/users\/1"}],"replies":[{"embeddable":true,"href":"https:\/\/envirothonnb.ca\/fr\/wp-json\/wp\/v2\/comments?post=2031"}],"version-history":[{"count":2,"href":"https:\/\/envirothonnb.ca\/fr\/wp-json\/wp\/v2\/pages\/2031\/revisions"}],"predecessor-version":[{"id":2317,"href":"https:\/\/envirothonnb.ca\/fr\/wp-json\/wp\/v2\/pages\/2031\/revisions\/2317"}],"wp:attachment":[{"href":"https:\/\/envirothonnb.ca\/fr\/wp-json\/wp\/v2\/media?parent=2031"}],"curies":[{"name":"wp","href":"https:\/\/api.w.org\/{rel}","templated":true}]}}