{"id":2612,"date":"2026-03-03T14:34:46","date_gmt":"2026-03-03T14:34:46","guid":{"rendered":"https:\/\/envirothonnb.ca\/blog\/"},"modified":"2026-03-03T14:36:19","modified_gmt":"2026-03-03T14:36:19","slug":"blog","status":"publish","type":"page","link":"https:\/\/envirothonnb.ca\/fr\/blog\/","title":{"rendered":"Blog"},"content":{"rendered":"\t\t<div data-elementor-type=\"wp-page\" data-elementor-id=\"2612\" class=\"elementor elementor-2612 elementor-2600\" data-elementor-post-type=\"page\">\n\t\t\t\t\t\t<section class=\"elementor-section elementor-top-section elementor-element elementor-element-6f9a083c elementor-section-boxed elementor-section-height-default elementor-section-height-default\" data-id=\"6f9a083c\" data-element_type=\"section\" data-e-type=\"section\" data-settings=\"{&quot;background_background&quot;:&quot;classic&quot;}\">\n\t\t\t\t\t\t\t<div class=\"elementor-background-overlay\"><\/div>\n\t\t\t\t\t\t\t<div class=\"elementor-container elementor-column-gap-no\">\n\t\t\t\t\t<div class=\"elementor-column elementor-col-100 elementor-top-column elementor-element elementor-element-227b9bcd\" data-id=\"227b9bcd\" data-element_type=\"column\" data-e-type=\"column\">\n\t\t\t<div class=\"elementor-widget-wrap elementor-element-populated\">\n\t\t\t\t\t\t<div class=\"elementor-element elementor-element-22801e18 elementor-invisible elementor-widget elementor-widget-heading\" data-id=\"22801e18\" data-element_type=\"widget\" data-e-type=\"widget\" data-settings=\"{&quot;_animation&quot;:&quot;fadeInDown&quot;}\" data-widget_type=\"heading.default\">\n\t\t\t\t<div class=\"elementor-widget-container\">\n\t\t\t\t\t<h2 class=\"elementor-heading-title elementor-size-default\">Actualit\u00e9s et articles<\/h2>\t\t\t\t<\/div>\n\t\t\t\t<\/div>\n\t\t\t\t\t<\/div>\n\t\t<\/div>\n\t\t\t\t\t<\/div>\n\t\t<\/section>\n\t\t\t\t<section class=\"elementor-section elementor-top-section elementor-element elementor-element-44beadb1 elementor-section-boxed elementor-section-height-default elementor-section-height-default\" data-id=\"44beadb1\" data-element_type=\"section\" data-e-type=\"section\" data-settings=\"{&quot;background_background&quot;:&quot;classic&quot;}\">\n\t\t\t\t\t\t<div class=\"elementor-container elementor-column-gap-no\">\n\t\t\t\t\t<div class=\"elementor-column elementor-col-100 elementor-top-column elementor-element elementor-element-3513c874\" data-id=\"3513c874\" data-element_type=\"column\" data-e-type=\"column\">\n\t\t\t<div class=\"elementor-widget-wrap elementor-element-populated\">\n\t\t\t\t\t\t<div class=\"elementor-element elementor-element-4caa11e elementor-grid-5 elementor-grid-tablet-2 elementor-grid-mobile-1 elementor-posts--thumbnail-top elementor-widget elementor-widget-posts\" data-id=\"4caa11e\" data-element_type=\"widget\" data-e-type=\"widget\" data-settings=\"{&quot;classic_columns&quot;:&quot;5&quot;,&quot;classic_columns_tablet&quot;:&quot;2&quot;,&quot;classic_columns_mobile&quot;:&quot;1&quot;,&quot;classic_row_gap&quot;:{&quot;unit&quot;:&quot;px&quot;,&quot;size&quot;:35,&quot;sizes&quot;:[]},&quot;classic_row_gap_tablet&quot;:{&quot;unit&quot;:&quot;px&quot;,&quot;size&quot;:&quot;&quot;,&quot;sizes&quot;:[]},&quot;classic_row_gap_mobile&quot;:{&quot;unit&quot;:&quot;px&quot;,&quot;size&quot;:&quot;&quot;,&quot;sizes&quot;:[]}}\" data-widget_type=\"posts.classic\">\n\t\t\t\t<div class=\"elementor-widget-container\">\n\t\t\t\t\t\t\t<div class=\"elementor-posts-container elementor-posts elementor-posts--skin-classic elementor-grid\" role=\"list\">\n\t\t\t\t<article class=\"elementor-post elementor-grid-item post-2455 post type-post status-publish format-standard has-post-thumbnail hentry category-aquatics-and-wildlife-2026 category-blog\" role=\"listitem\">\n\t\t\t\t<a class=\"elementor-post__thumbnail__link\" href=\"https:\/\/envirothonnb.ca\/fr\/latelier-sur-lecologie-aquatique-et-la-faune-denvirothon-nb-renforce-les-competences-de-terrain-a-unb-forem\/\" tabindex=\"-1\" >\n\t\t\t<div class=\"elementor-post__thumbnail\"><img fetchpriority=\"high\" decoding=\"async\" width=\"300\" height=\"225\" src=\"https:\/\/envirothonnb.ca\/wp-content\/uploads\/2025\/06\/55109409957_47c581b67b_h-1-300x225.jpg\" class=\"attachment-medium size-medium wp-image-2456\" alt=\"\" srcset=\"https:\/\/envirothonnb.ca\/wp-content\/uploads\/2025\/06\/55109409957_47c581b67b_h-1-300x225.jpg 300w, https:\/\/envirothonnb.ca\/wp-content\/uploads\/2025\/06\/55109409957_47c581b67b_h-1-1024x768.jpg 1024w, https:\/\/envirothonnb.ca\/wp-content\/uploads\/2025\/06\/55109409957_47c581b67b_h-1-768x576.jpg 768w, https:\/\/envirothonnb.ca\/wp-content\/uploads\/2025\/06\/55109409957_47c581b67b_h-1-1536x1152.jpg 1536w, https:\/\/envirothonnb.ca\/wp-content\/uploads\/2025\/06\/55109409957_47c581b67b_h-1.jpg 1600w\" sizes=\"(max-width: 300px) 100vw, 300px\" \/><\/div>\n\t\t<\/a>\n\t\t\t\t<div class=\"elementor-post__text\">\n\t\t\t\t<h3 class=\"elementor-post__title\">\n\t\t\t<a href=\"https:\/\/envirothonnb.ca\/fr\/latelier-sur-lecologie-aquatique-et-la-faune-denvirothon-nb-renforce-les-competences-de-terrain-a-unb-forem\/\" >\n\t\t\t\tL\u2019atelier sur l\u2019\u00e9cologie aquatique et la faune d\u2019Envirothon NB renforce les comp\u00e9tences de terrain \u00e0 UNB ForEM\t\t\t<\/a>\n\t\t<\/h3>\n\t\t\t\t<div class=\"elementor-post__meta-data\">\n\t\t\t\t\t<span class=\"elementor-post-date\">\n\t\t\t2 mars 2026\t\t<\/span>\n\t\t\t\t<span class=\"elementor-post-avatar\">\n\t\t\tAucun commentaire\t\t<\/span>\n\t\t\t\t<\/div>\n\t\t\t\t<div class=\"elementor-post__excerpt\">\n\t\t\t<p>Le samedi 21 f\u00e9vrier 2026, les \u00e9l\u00e8ves d\u2019Envirothon NB se sont r\u00e9unis \u00e0 UNB ForEM pour une journ\u00e9e compl\u00e8te de formation pratique sur l\u2019\u00e9cologie aquatique et la faune. Gr\u00e2ce \u00e0 des animateurs experts et des activit\u00e9s interactives, les \u00e9quipes ont renforc\u00e9 leurs comp\u00e9tences de terrain et approfondi leurs connaissances environnementales en vue de la comp\u00e9tition provinciale de mai. Lis la suite pour un compte rendu complet de l\u2019atelier.  <\/p>\n\t\t<\/div>\n\t\t\n\t\t<a class=\"elementor-post__read-more\" href=\"https:\/\/envirothonnb.ca\/fr\/latelier-sur-lecologie-aquatique-et-la-faune-denvirothon-nb-renforce-les-competences-de-terrain-a-unb-forem\/\" aria-label=\"En savoir plus sur L\u2019atelier sur l\u2019\u00e9cologie aquatique et la faune d\u2019Envirothon NB renforce les comp\u00e9tences de terrain \u00e0 UNB ForEM\" tabindex=\"-1\" >\n\t\t\tLire la suite \u00bb\t\t<\/a>\n\n\t\t\t\t<\/div>\n\t\t\t\t<\/article>\n\t\t\t\t<article class=\"elementor-post elementor-grid-item post-1989 post type-post status-publish format-standard has-post-thumbnail hentry category-evenements-passes-2\" role=\"listitem\">\n\t\t\t\t<a class=\"elementor-post__thumbnail__link\" href=\"https:\/\/envirothonnb.ca\/fr\/points-saillants-de-la-competition-envirothon-nb-2025\/\" tabindex=\"-1\" >\n\t\t\t<div class=\"elementor-post__thumbnail\"><img decoding=\"async\" width=\"300\" height=\"225\" src=\"https:\/\/envirothonnb.ca\/wp-content\/uploads\/2025\/10\/2025-Champions-300x225.jpeg\" class=\"attachment-medium size-medium wp-image-2486\" alt=\"\" srcset=\"https:\/\/envirothonnb.ca\/wp-content\/uploads\/2025\/10\/2025-Champions-300x225.jpeg 300w, https:\/\/envirothonnb.ca\/wp-content\/uploads\/2025\/10\/2025-Champions-1024x768.jpeg 1024w, https:\/\/envirothonnb.ca\/wp-content\/uploads\/2025\/10\/2025-Champions-768x576.jpeg 768w, https:\/\/envirothonnb.ca\/wp-content\/uploads\/2025\/10\/2025-Champions-1536x1152.jpeg 1536w, https:\/\/envirothonnb.ca\/wp-content\/uploads\/2025\/10\/2025-Champions.jpeg 2048w\" sizes=\"(max-width: 300px) 100vw, 300px\" \/><\/div>\n\t\t<\/a>\n\t\t\t\t<div class=\"elementor-post__text\">\n\t\t\t\t<h3 class=\"elementor-post__title\">\n\t\t\t<a href=\"https:\/\/envirothonnb.ca\/fr\/points-saillants-de-la-competition-envirothon-nb-2025\/\" >\n\t\t\t\tPoints saillants de la comp\u00e9tition Envirothon NB 2025\t\t\t<\/a>\n\t\t<\/h3>\n\t\t\t\t<div class=\"elementor-post__meta-data\">\n\t\t\t\t\t<span class=\"elementor-post-date\">\n\t\t\t27 octobre 2025\t\t<\/span>\n\t\t\t\t<span class=\"elementor-post-avatar\">\n\t\t\tAucun commentaire\t\t<\/span>\n\t\t\t\t<\/div>\n\t\t\t\t<div class=\"elementor-post__excerpt\">\n\t\t\t<p>C\u00e9l\u00e9bration de 25 ans de leadership environnemental jeunesse : faits saillants de la comp\u00e9tition Envirothon NB 2025 La 25e comp\u00e9tition annuelle Envirothon NB, qui s&rsquo;est<\/p>\n\t\t<\/div>\n\t\t\n\t\t<a class=\"elementor-post__read-more\" href=\"https:\/\/envirothonnb.ca\/fr\/points-saillants-de-la-competition-envirothon-nb-2025\/\" aria-label=\"En savoir plus sur Points saillants de la comp\u00e9tition Envirothon NB 2025\" tabindex=\"-1\" >\n\t\t\tLire la suite \u00bb\t\t<\/a>\n\n\t\t\t\t<\/div>\n\t\t\t\t<\/article>\n\t\t\t\t<\/div>\n\t\t\n\t\t\t\t\t\t<\/div>\n\t\t\t\t<\/div>\n\t\t\t\t\t<\/div>\n\t\t<\/div>\n\t\t\t\t\t<\/div>\n\t\t<\/section>\n\t\t\t\t<\/div>\n\t\t","protected":false},"excerpt":{"rendered":"<p>Actualit\u00e9s et articles<\/p>\n","protected":false},"author":1,"featured_media":0,"parent":0,"menu_order":0,"comment_status":"closed","ping_status":"closed","template":"","meta":{"footnotes":""},"class_list":["post-2612","page","type-page","status-publish","hentry"],"_links":{"self":[{"href":"https:\/\/envirothonnb.ca\/fr\/wp-json\/wp\/v2\/pages\/2612","targetHints":{"allow":["GET"]}}],"collection":[{"href":"https:\/\/envirothonnb.ca\/fr\/wp-json\/wp\/v2\/pages"}],"about":[{"href":"https:\/\/envirothonnb.ca\/fr\/wp-json\/wp\/v2\/types\/page"}],"author":[{"embeddable":true,"href":"https:\/\/envirothonnb.ca\/fr\/wp-json\/wp\/v2\/users\/1"}],"replies":[{"embeddable":true,"href":"https:\/\/envirothonnb.ca\/fr\/wp-json\/wp\/v2\/comments?post=2612"}],"version-history":[{"count":1,"href":"https:\/\/envirothonnb.ca\/fr\/wp-json\/wp\/v2\/pages\/2612\/revisions"}],"predecessor-version":[{"id":2613,"href":"https:\/\/envirothonnb.ca\/fr\/wp-json\/wp\/v2\/pages\/2612\/revisions\/2613"}],"wp:attachment":[{"href":"https:\/\/envirothonnb.ca\/fr\/wp-json\/wp\/v2\/media?parent=2612"}],"curies":[{"name":"wp","href":"https:\/\/api.w.org\/{rel}","templated":true}]}}